{"id":8053,"date":"2023-06-21T09:02:36","date_gmt":"2023-06-21T09:02:36","guid":{"rendered":"https:\/\/www.clickker.nl\/?page_id=8053"},"modified":"2025-05-28T15:22:49","modified_gmt":"2025-05-28T13:22:49","slug":"dlaczego-uzytkownicy-koncowi-klikerow","status":"publish","type":"page","link":"https:\/\/www.clickker.nl\/pl\/dla-uzytkownikow-koncowych\/dlaczego-uzytkownicy-koncowi-klikerow\/","title":{"rendered":"Dlaczego Clickker?"},"content":{"rendered":"<div data-elementor-type=\"wp-page\" data-elementor-id=\"8053\" class=\"elementor elementor-8053\" data-elementor-post-type=\"page\">\n\t\t\t\t<div class=\"elementor-element elementor-element-7074524 e-flex e-con-boxed e-con e-parent\" data-id=\"7074524\" data-element_type=\"container\" data-settings=\"{&quot;background_background&quot;:&quot;gradient&quot;}\">\n\t\t\t\t\t<div class=\"e-con-inner\">\n\t\t<div class=\"elementor-element elementor-element-eef6295 e-con-full e-flex e-con e-child\" data-id=\"eef6295\" data-element_type=\"container\">\n\t\t\t\t<div class=\"elementor-element elementor-element-c76ebb9 elementor-widget elementor-widget-shortcode\" data-id=\"c76ebb9\" data-element_type=\"widget\" data-widget_type=\"shortcode.default\">\n\t\t\t\t<div class=\"elementor-widget-container\">\n\t\t\t\t\t\t\t<div class=\"elementor-shortcode\"><nav aria-label=\"bu\u0142ka tarta\" class=\"rank-math-breadcrumb\"><p><span class=\"last\">Strona g\u0142\u00f3wna<\/span><\/p><\/nav><\/div>\n\t\t\t\t\t\t<\/div>\n\t\t\t\t<\/div>\n\t\t\t\t<\/div>\n\t\t\t\t\t<\/div>\n\t\t\t\t<\/div>\n\t\t<div class=\"elementor-element elementor-element-e01f6a6 e-flex e-con-boxed e-con e-parent\" data-id=\"e01f6a6\" data-element_type=\"container\">\n\t\t\t\t\t<div class=\"e-con-inner\">\n\t\t\t\t<div class=\"elementor-element elementor-element-f6aab6d elementor-widget elementor-widget-spacer\" data-id=\"f6aab6d\" data-element_type=\"widget\" data-widget_type=\"spacer.default\">\n\t\t\t\t<div class=\"elementor-widget-container\">\n\t\t\t\t\t\t\t<div class=\"elementor-spacer\">\n\t\t\t<div class=\"elementor-spacer-inner\"><\/div>\n\t\t<\/div>\n\t\t\t\t\t\t<\/div>\n\t\t\t\t<\/div>\n\t\t\t\t\t<\/div>\n\t\t\t\t<\/div>\n\t\t<div class=\"elementor-element elementor-element-8f66f74 e-flex e-con-boxed e-con e-parent\" data-id=\"8f66f74\" data-element_type=\"container\">\n\t\t\t\t\t<div class=\"e-con-inner\">\n\t\t\t\t<div class=\"elementor-element elementor-element-60ebcf0 elementor-widget-tablet__width-inherit elementor-widget elementor-widget-heading\" data-id=\"60ebcf0\" data-element_type=\"widget\" data-widget_type=\"heading.default\">\n\t\t\t\t<div class=\"elementor-widget-container\">\n\t\t\t\t\t<h2 class=\"elementor-heading-title elementor-size-xl\">Wszystko dok\u0142adnie po\u0142\u0105czone<\/h2>\t\t\t\t<\/div>\n\t\t\t\t<\/div>\n\t\t\t\t\t<\/div>\n\t\t\t\t<\/div>\n\t\t<div class=\"elementor-element elementor-element-766bdb3 e-flex e-con-boxed e-con e-parent\" data-id=\"766bdb3\" data-element_type=\"container\">\n\t\t\t\t\t<div class=\"e-con-inner\">\n\t\t\t\t<div class=\"elementor-element elementor-element-f7cbe2c elementor-widget elementor-widget-text-editor\" data-id=\"f7cbe2c\" data-element_type=\"widget\" data-widget_type=\"text-editor.default\">\n\t\t\t\t<div class=\"elementor-widget-container\">\n\t\t\t\t\t\t\t\t\t<p>\u015awiat szybko si\u0119 zmienia. Aby na nie reagowa\u0107, technologia IT odgrywa kluczow\u0105 rol\u0119. Kompleksowy system ERP nie jest obecnie wystarczaj\u0105cy.<\/p><h5><strong>Najlepsze w swojej klasie<\/strong><\/h5><p>Co to oznacza, gdy stosujesz najlepsz\u0105 w swojej klasie strategi\u0119 dla swojego \u015brodowiska aplikacji?<\/p><p>Best-of-breed oznacza wyb\u00f3r najlepszego (najbardziej odpowiedniego) rozwi\u0105zania programowego dla ka\u017cdego obszaru zastosowa\u0144.<\/p><p>Na przyk\u0142ad aplikacja CRM od jednego dostawcy dla dzia\u0142u sprzeda\u017cy i aplikacja WMS dla magazynu od innego dostawcy.<\/p><p>Jakie s\u0105 konsekwencje wdro\u017cenia takiej strategii?<\/p><p>Oznacza to, \u017ce w wi\u0119kszo\u015bci przypadk\u00f3w w \u015brodowisku aplikacji znajduje si\u0119 wiele standardowych aplikacji. Aplikacje te musz\u0105 by\u0107 ze sob\u0105 zintegrowane. I tu w\u0142a\u015bnie wkracza Clickker. Clickker zapewnia, \u017ce mo\u017cna to zrobi\u0107 bezpiecznie i szybko. Dzieje si\u0119 tak dzi\u0119ki wdro\u017ceniu technologii (hiper\u0142\u0105cze REST API), kt\u00f3ra jest szeroko stosowana na rynku.<\/p><h5><strong>Dzi\u0119ki temu organizacja mo\u017ce czerpa\u0107 nast\u0119puj\u0105ce korzy\u015bci:<\/strong><\/h5><ul><li>Standaryzacja zada\u0144 Exact<\/li><li>Zawsze aktualne bez dodatkowych koszt\u00f3w<\/li><li>Odpowiedni dla Exact Globe Next, Exact Globe+ i Exact Synergy<\/li><li>Tania sta\u0142a kwota miesi\u0119cznie<\/li><li>Mo\u017cliwo\u015b\u0107 szybkiego wdro\u017cenia<\/li><li>Mo\u017cliwo\u015b\u0107 wielokrotnego wdra\u017cania (wiele aplikacji na jedn\u0105 licencj\u0119 Exact)<\/li><li>Elastyczno\u015b\u0107 w pobieraniu wszelkiego rodzaju danych<\/li><li>Znacznie mniejsza zale\u017cno\u015b\u0107 od konsultanta Exact!<\/li><\/ul><div>\u00a0<\/div><p>Co najwa\u017cniejsze, po\u0142\u0105czenie Clickker i Exact pozwala Twojej organizacji szybko przewidywa\u0107 zmiany na rynku.<\/p><h5><strong>Wszyscy tego chc\u0105, prawda?<\/strong><\/h5>\t\t\t\t\t\t\t\t<\/div>\n\t\t\t\t<\/div>\n\t\t\t\t\t<\/div>\n\t\t\t\t<\/div>\n\t\t<div class=\"elementor-element elementor-element-53058ed e-flex e-con-boxed e-con e-parent\" data-id=\"53058ed\" data-element_type=\"container\">\n\t\t\t\t\t<div class=\"e-con-inner\">\n\t\t\t\t<div class=\"elementor-element elementor-element-8b38812 elementor-widget elementor-widget-heading\" data-id=\"8b38812\" data-element_type=\"widget\" data-widget_type=\"heading.default\">\n\t\t\t\t<div class=\"elementor-widget-container\">\n\t\t\t\t\t<h2 class=\"elementor-heading-title elementor-size-default\">Poni\u017cszy film wyja\u015bnia koncepcj\u0119 Clickker<\/h2>\t\t\t\t<\/div>\n\t\t\t\t<\/div>\n\t\t\t\t\t<\/div>\n\t\t\t\t<\/div>\n\t\t<div class=\"elementor-element elementor-element-d910a37 e-flex e-con-boxed e-con e-parent\" data-id=\"d910a37\" data-element_type=\"container\">\n\t\t\t\t\t<div class=\"e-con-inner\">\n\t\t\t\t<div class=\"elementor-element elementor-element-973c7a6 elementor-widget elementor-widget-video\" data-id=\"973c7a6\" data-element_type=\"widget\" data-settings=\"{&quot;video_type&quot;:&quot;vimeo&quot;}\" data-widget_type=\"video.default\">\n\t\t\t\t<div class=\"elementor-widget-container\">\n\t\t\t\t\t\t\t<div class=\"elementor-wrapper elementor-open-inline\">\n\t\t\t<iframe class=\"elementor-video-iframe\" allowfullscreen allow=\"clipboard-write\" title=\"odtwarzacz wideo vimeo\" src=\"https:\/\/player.vimeo.com\/video\/836841972?color&amp;autopause=0&amp;loop=0&amp;muted=0&amp;title=0&amp;portrait=1&amp;byline=1#t=\"><\/iframe>\t\t<\/div>\n\t\t\t\t\t\t<\/div>\n\t\t\t\t<\/div>\n\t\t\t\t\t<\/div>\n\t\t\t\t<\/div>\n\t\t\t\t<\/div>","protected":false},"excerpt":{"rendered":"<p>Wszystko dok\u0142adnie powi\u0105zane \u015awiat szybko si\u0119 zmienia. Aby na nie reagowa\u0107, technologia IT odgrywa kluczow\u0105 rol\u0119. Kompleksowy system ERP nie jest ju\u017c obecnie wystarczaj\u0105cy. Best-of-breed Co oznacza zastosowanie strategii best-of-breed do \u015brodowiska aplikacji? Best-of-breed oznacza, \u017ce u\u017cywasz najlepszych (najbardziej odpowiednich) [...]<\/p>","protected":false},"author":7,"featured_media":0,"parent":8331,"menu_order":0,"comment_status":"closed","ping_status":"closed","template":"elementor_header_footer","meta":{"footnotes":""},"class_list":["post-8053","page","type-page","status-publish","hentry"],"_links":{"self":[{"href":"https:\/\/www.clickker.nl\/pl\/wp-json\/wp\/v2\/pages\/8053","targetHints":{"allow":["GET"]}}],"collection":[{"href":"https:\/\/www.clickker.nl\/pl\/wp-json\/wp\/v2\/pages"}],"about":[{"href":"https:\/\/www.clickker.nl\/pl\/wp-json\/wp\/v2\/types\/page"}],"author":[{"embeddable":true,"href":"https:\/\/www.clickker.nl\/pl\/wp-json\/wp\/v2\/users\/7"}],"replies":[{"embeddable":true,"href":"https:\/\/www.clickker.nl\/pl\/wp-json\/wp\/v2\/comments?post=8053"}],"version-history":[{"count":137,"href":"https:\/\/www.clickker.nl\/pl\/wp-json\/wp\/v2\/pages\/8053\/revisions"}],"predecessor-version":[{"id":13832,"href":"https:\/\/www.clickker.nl\/pl\/wp-json\/wp\/v2\/pages\/8053\/revisions\/13832"}],"up":[{"embeddable":true,"href":"https:\/\/www.clickker.nl\/pl\/wp-json\/wp\/v2\/pages\/8331"}],"wp:attachment":[{"href":"https:\/\/www.clickker.nl\/pl\/wp-json\/wp\/v2\/media?parent=8053"}],"curies":[{"name":"wp","href":"https:\/\/api.w.org\/{rel}","templated":true}]}}