{"id":1830,"date":"2023-05-02T08:01:23","date_gmt":"2023-05-02T08:01:23","guid":{"rendered":"https:\/\/www.clickker.nl\/?page_id=1830"},"modified":"2023-07-10T13:21:26","modified_gmt":"2023-07-10T11:21:26","slug":"dlaczego-tworcy-klikerow","status":"publish","type":"page","link":"https:\/\/www.clickker.nl\/pl\/dla-deweloperow\/dlaczego-tworcy-klikerow\/","title":{"rendered":"Dlaczego Clickker?"},"content":{"rendered":"<div data-elementor-type=\"wp-page\" data-elementor-id=\"1830\" class=\"elementor elementor-1830\" data-elementor-post-type=\"page\">\n\t\t\t\t<div class=\"elementor-element elementor-element-7074524 e-flex e-con-boxed e-con e-parent\" data-id=\"7074524\" data-element_type=\"container\" data-settings=\"{&quot;background_background&quot;:&quot;gradient&quot;}\">\n\t\t\t\t\t<div class=\"e-con-inner\">\n\t\t<div class=\"elementor-element elementor-element-eef6295 e-con-full e-flex e-con e-parent\" data-id=\"eef6295\" data-element_type=\"container\">\n\t\t\t\t<div class=\"elementor-element elementor-element-c76ebb9 elementor-widget elementor-widget-shortcode\" data-id=\"c76ebb9\" data-element_type=\"widget\" data-widget_type=\"shortcode.default\">\n\t\t\t\t<div class=\"elementor-widget-container\">\n\t\t\t\t\t\t\t<div class=\"elementor-shortcode\"><nav aria-label=\"bu\u0142ka tarta\" class=\"rank-math-breadcrumb\"><p><span class=\"last\">Strona g\u0142\u00f3wna<\/span><\/p><\/nav><\/div>\n\t\t\t\t\t\t<\/div>\n\t\t\t\t<\/div>\n\t\t\t\t<\/div>\n\t\t\t\t\t<\/div>\n\t\t\t\t<\/div>\n\t\t<div class=\"elementor-element elementor-element-d993d0f e-flex e-con-boxed e-con e-parent\" data-id=\"d993d0f\" data-element_type=\"container\">\n\t\t\t\t\t<div class=\"e-con-inner\">\n\t\t\t\t<div class=\"elementor-element elementor-element-dd758bd elementor-widget elementor-widget-spacer\" data-id=\"dd758bd\" data-element_type=\"widget\" data-widget_type=\"spacer.default\">\n\t\t\t\t<div class=\"elementor-widget-container\">\n\t\t\t\t\t\t\t<div class=\"elementor-spacer\">\n\t\t\t<div class=\"elementor-spacer-inner\"><\/div>\n\t\t<\/div>\n\t\t\t\t\t\t<\/div>\n\t\t\t\t<\/div>\n\t\t\t\t\t<\/div>\n\t\t\t\t<\/div>\n\t\t<div class=\"elementor-element elementor-element-1437fdf e-flex e-con-boxed e-con e-parent\" data-id=\"1437fdf\" data-element_type=\"container\">\n\t\t\t\t\t<div class=\"e-con-inner\">\n\t\t\t\t<div class=\"elementor-element elementor-element-da6af28 elementor-widget elementor-widget-heading\" data-id=\"da6af28\" data-element_type=\"widget\" data-widget_type=\"heading.default\">\n\t\t\t\t<div class=\"elementor-widget-container\">\n\t\t\t\t\t<h2 class=\"elementor-heading-title elementor-size-default\">Rozwi\u0105zanie API dla Exact Software<\/h2>\t\t\t\t<\/div>\n\t\t\t\t<\/div>\n\t\t\t\t\t<\/div>\n\t\t\t\t<\/div>\n\t\t<div class=\"elementor-element elementor-element-766bdb3 e-flex e-con-boxed e-con e-parent\" data-id=\"766bdb3\" data-element_type=\"container\">\n\t\t\t\t\t<div class=\"e-con-inner\">\n\t\t\t\t<div class=\"elementor-element elementor-element-f7cbe2c elementor-widget elementor-widget-text-editor\" data-id=\"f7cbe2c\" data-element_type=\"widget\" data-widget_type=\"text-editor.default\">\n\t\t\t\t<div class=\"elementor-widget-container\">\n\t\t\t\t\t\t\t\t\t<h5><strong>WYZWANIE<\/strong><\/h5><p>\u0141\u0105czenie z oprogramowaniem Exact, zw\u0142aszcza z Exact Globe, jest trudne ze wzgl\u0119du na brak zewn\u0119trznego interfejsu API. W Exact Globe dost\u0119pnych jest kilka metod \u0142\u0105czenia (CSV, XML, SDK, Entity Services), ale nie s\u0105 one idealne i nie obs\u0142uguj\u0105 wszystkich dzia\u0142a\u0144 w Exact. To sprawia, \u017ce jest to bardzo skomplikowane.<\/p><h5><strong><span style=\"color: #2b2c60; text-align: center;\">ROZWI\u0104ZANIE<\/span><\/strong><\/h5><p>Aby sprosta\u0107 tym wyzwaniom, opracowali\u015bmy Clickker. Dzi\u0119ki Clickker masz jeden punkt kontaktowy dla wszystkich dzia\u0142a\u0144 i nie musisz ju\u017c samodzielnie zastanawia\u0107 si\u0119, co jest mo\u017cliwe. Mamy dobry <a href=\"https:\/\/demo-api.clickker.nl\/swagger\" target=\"_blank\" rel=\"noopener\">udokumentowany<\/a> Interfejs API REST opracowany dla Exact Globe, u\u0142atwiaj\u0105cy integracj\u0119. Po\u015bwi\u0119cili\u015bmy r\u00f3wnie\u017c du\u017co uwagi rejestrowaniu, aby szybko znale\u017a\u0107 wszelkie b\u0142\u0119dy.<\/p><p>Clickker dzia\u0142a z bezpiecznym po\u0142\u0105czeniem (HTTPS) i oferuje mo\u017cliwo\u015b\u0107 przypisania okre\u015blonego portu w IIS. <br \/>G\u0142\u00f3wn\u0105 zalet\u0105 jest to, \u017ce Clickker pozwala nawi\u0105za\u0107 w\u0142asne po\u0142\u0105czenie, bez <a href=\"https:\/\/www.clickker.nl\/pl\/knowledge_base\/api-limieten-exact-online\/\">limity ograniczaj\u0105ce<\/a> tak jak w przypadku Exact Online.<\/p>\t\t\t\t\t\t\t\t<\/div>\n\t\t\t\t<\/div>\n\t\t\t\t\t<\/div>\n\t\t\t\t<\/div>\n\t\t<div class=\"elementor-element elementor-element-902105c e-flex e-con-boxed e-con e-parent\" data-id=\"902105c\" data-element_type=\"container\">\n\t\t\t\t\t<div class=\"e-con-inner\">\n\t\t\t\t<div class=\"elementor-element elementor-element-0b7f2c2 elementor-widget elementor-widget-image\" data-id=\"0b7f2c2\" data-element_type=\"widget\" data-widget_type=\"image.default\">\n\t\t\t\t<div class=\"elementor-widget-container\">\n\t\t\t\t\t\t\t\t\t\t\t\t\t\t\t<img fetchpriority=\"high\" decoding=\"async\" width=\"800\" height=\"444\" src=\"https:\/\/www.clickker.nl\/wp-content\/uploads\/2023\/06\/schema-1024x568.png\" class=\"attachment-large size-large wp-image-7924\" alt=\"\" srcset=\"https:\/\/www.clickker.nl\/wp-content\/uploads\/2023\/06\/schema-1024x568.png 1024w, https:\/\/www.clickker.nl\/wp-content\/uploads\/2023\/06\/schema-300x166.png 300w, https:\/\/www.clickker.nl\/wp-content\/uploads\/2023\/06\/schema-768x426.png 768w, https:\/\/www.clickker.nl\/wp-content\/uploads\/2023\/06\/schema-1536x851.png 1536w, https:\/\/www.clickker.nl\/wp-content\/uploads\/2023\/06\/schema.png 1705w\" sizes=\"(max-width: 800px) 100vw, 800px\">\t\t\t\t\t\t\t\t\t\t\t\t\t\t\t<\/div>\n\t\t\t\t<\/div>\n\t\t\t\t\t<\/div>\n\t\t\t\t<\/div>\n\t\t\t\t<\/div>","protected":false},"excerpt":{"rendered":"<p>Rozwi\u0105zanie API dla oprogramowania Exact WYZWANIE \u0141\u0105czenie z oprogramowaniem Exact, zw\u0142aszcza z Exact Globe, jest trudne ze wzgl\u0119du na brak zewn\u0119trznego interfejsu API. W Exact Globe dost\u0119pnych jest kilka metod \u0142\u0105czenia (CSV, XML, SDK, Entity Services), ale nie s\u0105 one idealne i nie obs\u0142uguj\u0105 wszystkich dzia\u0142a\u0144 [...].<\/p>","protected":false},"author":1,"featured_media":0,"parent":8333,"menu_order":0,"comment_status":"closed","ping_status":"closed","template":"elementor_header_footer","meta":{"footnotes":""},"class_list":["post-1830","page","type-page","status-publish","hentry"],"_links":{"self":[{"href":"https:\/\/www.clickker.nl\/pl\/wp-json\/wp\/v2\/pages\/1830","targetHints":{"allow":["GET"]}}],"collection":[{"href":"https:\/\/www.clickker.nl\/pl\/wp-json\/wp\/v2\/pages"}],"about":[{"href":"https:\/\/www.clickker.nl\/pl\/wp-json\/wp\/v2\/types\/page"}],"author":[{"embeddable":true,"href":"https:\/\/www.clickker.nl\/pl\/wp-json\/wp\/v2\/users\/1"}],"replies":[{"embeddable":true,"href":"https:\/\/www.clickker.nl\/pl\/wp-json\/wp\/v2\/comments?post=1830"}],"version-history":[{"count":135,"href":"https:\/\/www.clickker.nl\/pl\/wp-json\/wp\/v2\/pages\/1830\/revisions"}],"predecessor-version":[{"id":9833,"href":"https:\/\/www.clickker.nl\/pl\/wp-json\/wp\/v2\/pages\/1830\/revisions\/9833"}],"up":[{"embeddable":true,"href":"https:\/\/www.clickker.nl\/pl\/wp-json\/wp\/v2\/pages\/8333"}],"wp:attachment":[{"href":"https:\/\/www.clickker.nl\/pl\/wp-json\/wp\/v2\/media?parent=1830"}],"curies":[{"name":"wp","href":"https:\/\/api.w.org\/{rel}","templated":true}]}}