{"id":1683,"date":"2023-05-02T07:58:57","date_gmt":"2023-05-02T07:58:57","guid":{"rendered":"https:\/\/www.clickker.nl\/?page_id=1683"},"modified":"2023-06-29T12:51:19","modified_gmt":"2023-06-29T12:51:19","slug":"zasady-i-warunki","status":"publish","type":"page","link":"https:\/\/www.clickker.nl\/pl\/informacja\/zasady-i-warunki\/","title":{"rendered":"Og\u00f3lne warunki handlowe"},"content":{"rendered":"<div data-elementor-type=\"wp-page\" data-elementor-id=\"1683\" class=\"elementor elementor-1683\" data-elementor-post-type=\"page\">\n\t\t\t\t<div class=\"elementor-element elementor-element-d14bc0d e-flex e-con-boxed e-con e-parent\" data-id=\"d14bc0d\" data-element_type=\"container\" data-settings=\"{&quot;background_background&quot;:&quot;gradient&quot;}\">\n\t\t\t\t\t<div class=\"e-con-inner\">\n\t\t<div class=\"elementor-element elementor-element-1ef8431 e-con-full e-flex e-con e-parent\" data-id=\"1ef8431\" data-element_type=\"container\">\n\t\t\t\t<div class=\"elementor-element elementor-element-a0e07c4 elementor-widget elementor-widget-shortcode\" data-id=\"a0e07c4\" data-element_type=\"widget\" data-widget_type=\"shortcode.default\">\n\t\t\t\t<div class=\"elementor-widget-container\">\n\t\t\t\t\t\t\t<div class=\"elementor-shortcode\"><nav aria-label=\"bu\u0142ka tarta\" class=\"rank-math-breadcrumb\"><p><span class=\"last\">Strona g\u0142\u00f3wna<\/span><\/p><\/nav><\/div>\n\t\t\t\t\t\t<\/div>\n\t\t\t\t<\/div>\n\t\t\t\t<\/div>\n\t\t\t\t\t<\/div>\n\t\t\t\t<\/div>\n\t\t<div class=\"elementor-element elementor-element-5b16f0d e-flex e-con-boxed e-con e-parent\" data-id=\"5b16f0d\" data-element_type=\"container\">\n\t\t\t\t\t<div class=\"e-con-inner\">\n\t\t\t\t<div class=\"elementor-element elementor-element-5c7c4f0 elementor-widget elementor-widget-spacer\" data-id=\"5c7c4f0\" data-element_type=\"widget\" data-widget_type=\"spacer.default\">\n\t\t\t\t<div class=\"elementor-widget-container\">\n\t\t\t\t\t\t\t<div class=\"elementor-spacer\">\n\t\t\t<div class=\"elementor-spacer-inner\"><\/div>\n\t\t<\/div>\n\t\t\t\t\t\t<\/div>\n\t\t\t\t<\/div>\n\t\t\t\t\t<\/div>\n\t\t\t\t<\/div>\n\t\t<div class=\"elementor-element elementor-element-9a5e616 e-flex e-con-boxed e-con e-parent\" data-id=\"9a5e616\" data-element_type=\"container\">\n\t\t\t\t\t<div class=\"e-con-inner\">\n\t\t\t\t<div class=\"elementor-element elementor-element-84897b6 elementor-widget elementor-widget-text-editor\" data-id=\"84897b6\" data-element_type=\"widget\" data-widget_type=\"text-editor.default\">\n\t\t\t\t<div class=\"elementor-widget-container\">\n\t\t\t\t\t\t\t\t\t<p>Sense Cloud B.V., z siedzib\u0105 w Emmen i zarejestrowana w Izbie Handlowej pod numerem 70010617, zwana dalej \"Sense Cloud\", oferuje oprogramowanie \"Clickker\". Oprogramowanie to jest oferowane za po\u015brednictwem Internetu jako Software-as-a-Service.<\/p><p>Korzystanie z Clickker podlega nast\u0119puj\u0105cym warunkom u\u017cytkowania. Korzystaj\u0105c z Clickker, u\u017cytkownik wyra\u017ca na nie zgod\u0119. Odst\u0119pstwa od niniejszych warunk\u00f3w s\u0105 wi\u0105\u017c\u0105ce tylko wtedy, gdy zostan\u0105 zaakceptowane na pi\u015bmie przez Sense Cloud.<\/p><p>\u00a0<\/p><h3>ARTYKU\u0141 1. DEFINICJE<\/h3><p>Terminy pisane wielk\u0105 liter\u0105 w Warunkach U\u017cytkowania maj\u0105 nast\u0119puj\u0105ce znaczenie, chyba \u017ce (inne) znaczenie zosta\u0142o przypisane w innym miejscu w Warunkach U\u017cytkowania.<br \/>1.1. Klient: podmiot prawny, kt\u00f3ry nabywa oprogramowanie na potrzeby swojej dzia\u0142alno\u015bci.<br \/>1.2. U\u017cytkownik: Pracownicy Klienta, kt\u00f3rzy korzystaj\u0105 z oprogramowania.<br \/>1.3. Warunki u\u017cytkowania: niniejsze warunki.<br \/>1.4. Pisemne: w niniejszych Warunkach U\u017cytkowania, Pisemne obejmuje r\u00f3wnie\u017c komunikacj\u0119 za po\u015brednictwem poczty elektronicznej, pod warunkiem, \u017ce to\u017csamo\u015b\u0107 nadawcy i integralno\u015b\u0107 wiadomo\u015bci s\u0105 wystarczaj\u0105co ustalone.<\/p><h3>ARTYKU\u0141 2. USTANOWIENIE<\/h3><p>2.1. Korzystaj\u0105c z oprogramowania, Klient zawiera umow\u0119 z Sense Cloud.<br \/>2.2. Warunki u\u017cytkowania wchodz\u0105 w \u017cycie z chwil\u0105 uruchomienia Clickker i pozostaj\u0105 w mocy przez czas nieokre\u015blony.<\/p><h3><span style=\"text-align: var(--text-align);\">ARTYKU\u0141 3. PRAWO U\u017bYTKOWANIA<\/span><\/h3><p>3.1. Klient mo\u017ce korzysta\u0107 z Clickker w dowolny spos\u00f3b w ramach niniejszych Warunk\u00f3w u\u017cytkowania.<br \/>3.2. Sense Cloud niniejszym przyznaje Klientowi Clickker odwo\u0142alne, niewy\u0142\u0105czne, nieprzenoszalne, niepodlegaj\u0105ce sublicencjonowaniu prawo u\u017cytkowania na czas trwania umowy w celu korzystania z Clickker zgodnie z Warunkami u\u017cytkowania.<br \/>3.3. Aby korzysta\u0107 z Clickker, Klient musi si\u0119 najpierw zarejestrowa\u0107. Po zako\u0144czeniu rejestracji Klient otrzyma dost\u0119p do konta g\u0142\u00f3wnego. Klient mo\u017ce u\u017cy\u0107 konta g\u0142\u00f3wnego do utworzenia jednego subkonta na pracownika. Klientowi zabrania si\u0119 tworzenia kont dla os\u00f3b nieb\u0119d\u0105cych pracownikami, z wyj\u0105tkiem os\u00f3b oddelegowanych.<br \/>3.4. Zar\u00f3wno Klient, jak i U\u017cytkownik musz\u0105 chroni\u0107 dost\u0119p do swojego konta za pomoc\u0105 nazwy u\u017cytkownika i has\u0142a przed osobami nieupowa\u017cnionymi. W szczeg\u00f3lno\u015bci U\u017cytkownik musi zachowa\u0107 has\u0142o w \u015bcis\u0142ej tajemnicy. Sense Cloud mo\u017ce za\u0142o\u017cy\u0107, \u017ce wszystko, co dzieje si\u0119 z konta Klienta i\/lub konta U\u017cytkownika, dzieje si\u0119 pod kierownictwem i nadzorem Klienta. Klient ponosi zatem odpowiedzialno\u015b\u0107 za wszystkie takie dzia\u0142ania.<\/p><h3>ARTYKU\u0141 4. NIEW\u0141A\u015aCIWE KORZYSTANIE Z US\u0141UGI<\/h3><p>4.1. Korzystaj\u0105c z Clickker, Klientowi i U\u017cytkownikowi zabrania si\u0119 naruszania prawa lub naruszania praw innych os\u00f3b. W szczeg\u00f3lno\u015bci zabronione jest wykorzystywanie Clickker do przechowywania plik\u00f3w z naruszeniem odpowiednich praw autorskich lub zezwalanie na dost\u0119p do przechowywanych plik\u00f3w osobom innym ni\u017c oni sami. W przypadku konta firmowego zakaz ten nie dotyczy wsp\u00f3\u0142pracownik\u00f3w.<br \/>4.2. Je\u015bli Sense Cloud stwierdzi, \u017ce Klient lub U\u017cytkownik narusza powy\u017csze warunki, lub otrzyma skarg\u0119 w tej sprawie, ostrze\u017ce Klienta. Je\u015bli nie doprowadzi to do akceptowalnego rozwi\u0105zania, Sense Cloud mo\u017ce samodzielnie interweniowa\u0107 w celu zako\u0144czenia naruszenia. W pilnych lub powa\u017cnych przypadkach Sense Cloud mo\u017ce interweniowa\u0107 bez ostrze\u017cenia.<br \/>4.3. Je\u015bli w opinii Sense Cloud wyst\u0105pi\u0105 jakiekolwiek utrudnienia, uszkodzenia lub inne zagro\u017cenia dla funkcjonowania system\u00f3w komputerowych lub sieci Sense Cloud lub os\u00f3b trzecich i\/lub \u015bwiadczenia us\u0142ug za po\u015brednictwem Internetu, w szczeg\u00f3lno\u015bci z powodu nadmiernego wysy\u0142ania wiadomo\u015bci e-mail lub innych danych, wyciek\u00f3w danych osobowych lub dzia\u0142ania wirus\u00f3w, trojan\u00f3w i podobnego oprogramowania, Sense Cloud ma prawo podj\u0105\u0107 wszelkie \u015brodki, kt\u00f3re uzna za niezb\u0119dne w celu zapobie\u017cenia temu zagro\u017ceniu.<br \/>4.4. Sense Cloud jest zawsze uprawniona do zg\u0142aszania wszelkich wykrytych przest\u0119pstw.<br \/>4.5. Sense Cloud mo\u017ce dochodzi\u0107 od Klienta odszkodowania za szkody wynikaj\u0105ce z naruszenia niniejszych zasad post\u0119powania. Klient zwolni Sense Cloud z wszelkich roszcze\u0144 os\u00f3b trzecich zwi\u0105zanych ze szkodami wynikaj\u0105cymi z naruszenia niniejszych zasad post\u0119powania.<\/p><h3>ARTYKU\u0141 5. W\u0141ASNO\u015a\u0106 INTELEKTUALNA<\/h3><p>5.1. Wszelkie prawa do Clickkera, zwi\u0105zanej z nim dokumentacji oraz wszelkich modyfikacji i rozszerze\u0144 pozostaj\u0105 w\u0142asno\u015bci\u0105 Sense Cloud lub jej dostawc\u00f3w. Klient i U\u017cytkownik nabywaj\u0105 wy\u0142\u0105cznie prawa i uprawnienia u\u017cytkownika wynikaj\u0105ce z tre\u015bci niniejszych Warunk\u00f3w u\u017cytkowania lub przyznane na pi\u015bmie, a w przeciwnym razie Klient lub U\u017cytkownik nie mo\u017ce u\u017cywa\u0107, powiela\u0107 ani ujawnia\u0107 Clickkera.<br \/>5.2. Informacje przechowywane lub przetwarzane przez Klienta i\/lub U\u017cytkownika za po\u015brednictwem Clickker s\u0105 i pozostaj\u0105 w\u0142asno\u015bci\u0105 Klienta (lub jego dostawc\u00f3w).<\/p><h3>ARTYKU\u0141 6. CZAS REAKCJI I CZAS NAPRAWY KONSERWACJA NAPRAWCZA<\/h3><p>6.1. Dane osobowe b\u0119d\u0105 przetwarzane z wykorzystaniem Clickker. Te dane osobowe b\u0119d\u0105 przetwarzane zgodnie z umow\u0105 z podmiotem przetwarzaj\u0105cym.<\/p><h3>ARTYKU\u0141 7. DOST\u0118PNO\u015a\u0106, KONSERWACJA I AKTUALIZACJE<\/h3><p>7.1. Sense Cloud do\u0142o\u017cy wszelkich uzasadnionych stara\u0144, aby Clickker by\u0142 dost\u0119pny, ale konkretne gwarancje s\u0105 udzielane tylko w przypadku zawarcia z Sense Cloud oddzielnej Umowy o gwarantowanym poziomie us\u0142ug. O ile Umowa o gwarantowanym poziomie us\u0142ug nie stanowi inaczej lub je\u015bli nie uzgodniono Umowy o gwarantowanym poziomie us\u0142ug, postanowienia niniejszego artyku\u0142u maj\u0105 zastosowanie do konserwacji, awarii i wsparcia.<br \/>7.2. Clickker komunikuje si\u0119 przez Internet z serwerem zarz\u0105dzanym przez Sense Cloud w celu \u015bwiadczenia us\u0142ugi. Sense Cloud dok\u0142ada wszelkich stara\u0144, aby serwer ten by\u0142 dost\u0119pny przez ca\u0142y czas, ale nie udziela \u017cadnych gwarancji w tym zakresie.<br \/>7.3. Sense Cloud ma prawo do czasowego wy\u0142\u0105czenia Oprogramowania lub jego cz\u0119\u015bci w celu przeprowadzenia konserwacji, dostosowania lub ulepszenia. Sense Cloud do\u0142o\u017cy stara\u0144, aby takie wy\u0142\u0105czenie odbywa\u0142o si\u0119 w miar\u0119 mo\u017cliwo\u015bci poza godzinami pracy i do\u0142o\u017cy stara\u0144, aby poinformowa\u0107 U\u017cytkownika na czas o ka\u017cdym planowanym wy\u0142\u0105czeniu. Sense Cloud nigdy nie b\u0119dzie jednak zobowi\u0105zana do rekompensaty szk\u00f3d powsta\u0142ych w zwi\u0105zku z takim wy\u0142\u0105czeniem us\u0142ugi.<br \/>7.4. Sense Cloud mo\u017ce od czasu do czasu dostosowywa\u0107 funkcje Clickkera. W tym celu mile widziane s\u0105 informacje zwrotne i sugestie ze strony Klienta i\/lub U\u017cytkownika, ale ostatecznie Sense Cloud sama decyduje o wprowadzeniu lub niewprowadzeniu zmian.<\/p><h3>ARTYKU\u0141 8. WYNAGRODZENIE<\/h3><p>8.1. Za korzystanie z Clickker Klient musi uiszcza\u0107 miesi\u0119czn\u0105 op\u0142at\u0119. Op\u0142ata ta sk\u0142ada si\u0119 z dw\u00f3ch cz\u0119\u015bci. Klient uiszcza miesi\u0119czn\u0105 op\u0142at\u0119 za konto g\u0142\u00f3wne. Do tego dochodzi miesi\u0119czna op\u0142ata za ka\u017cdy typ U\u017cytkownika.<br \/>8.2. Op\u0142ata ta jest zawsze uiszczana z g\u00f3ry. Sense Cloud prze\u015ble Klientowi faktur\u0119 elektroniczn\u0105 na nale\u017cn\u0105 kwot\u0119. Termin p\u0142atno\u015bci faktur wynosi 14 dni od daty wystawienia faktury.<br \/>8.3. P\u0142atno\u015bci mo\u017cna dokona\u0107, przelewaj\u0105c sam\u0105 kwot\u0119 na konto bankowe Sense Cloud lub za pomoc\u0105 polecenia zap\u0142aty.<br \/>8.4. Je\u015bli Klient nie zap\u0142aci faktury w terminie p\u0142atno\u015bci lub je\u015bli nale\u017cne kwoty nie mog\u0105 zosta\u0107 pobrane od Klienta w drodze polecenia zap\u0142aty, Klient popada w zw\u0142ok\u0119 bez konieczno\u015bci powiadamiania o zw\u0142oce. W takim przypadku Sense Cloud ma prawo zawiesi\u0107 korzystanie z Clickkera.<br \/>8.5. W przypadku op\u00f3\u017anienia w p\u0142atno\u015bci, opr\u00f3cz nale\u017cnej kwoty i naliczonych od niej odsetek, Klient b\u0119dzie zobowi\u0105zany do zap\u0142aty w ca\u0142o\u015bci zar\u00f3wno pozas\u0105dowych, jak i s\u0105dowych koszt\u00f3w windykacji, w tym koszt\u00f3w prawnik\u00f3w, komornik\u00f3w i agencji windykacyjnych.<br \/>8.6. Roszczenie o zap\u0142at\u0119 jest natychmiast wymagalne i p\u0142atne w przypadku og\u0142oszenia upad\u0142o\u015bci Klienta, z\u0142o\u017cenia wniosku o moratorium lub og\u00f3lnego zaj\u0119cia maj\u0105tku Klienta, jego likwidacji lub rozwi\u0105zania.<\/p><h3>ARTYKU\u0141 9. ODPOWIEDZIALNO\u015a\u0106<\/h3><p>9.1. Ca\u0142kowita odpowiedzialno\u015b\u0107 Sense Cloud, w tym z tytu\u0142u zawinionego uchybienia w wykonaniu umowy lub czynu niedozwolonego, jest ograniczona do naprawienia bezpo\u015bredniej szkody, z wyj\u0105tkiem przypadku umy\u015blnego dzia\u0142ania lub umy\u015blnej lekkomy\u015blno\u015bci, ograniczonej do kwoty zap\u0142aconej przez Klienta za trzy miesi\u0105ce poprzedzaj\u0105ce moment zdarzenia powoduj\u0105cego szkod\u0119, przy czym powi\u0105zany ci\u0105g zdarze\u0144 liczy si\u0119 jako jedno zdarzenie. Maksymalna odpowiedzialno\u015b\u0107 Sense Cloud jest ograniczona do 10 000 EUR (s\u0142ownie: dziesi\u0119\u0107 tysi\u0119cy euro) rocznie, niezale\u017cnie od liczby zdarze\u0144.<br \/>9.2. Sense Cloud wyra\u017anie nie ponosi odpowiedzialno\u015bci za szkody po\u015brednie, szkody nast\u0119pcze, utracone zyski, utracone oszcz\u0119dno\u015bci i szkody spowodowane przerw\u0105 w dzia\u0142alno\u015bci.<br \/>9.3. Warunkiem powstania prawa do odszkodowania jest pisemne zg\u0142oszenie szkody przez Klienta do Sense Cloud nie p\u00f3\u017aniej ni\u017c dwa miesi\u0105ce po jej wykryciu.<br \/>9.4. Sense Cloud zabezpiecza Klienta przed roszczeniami os\u00f3b trzecich, kt\u00f3re twierdz\u0105, \u017ce Clickker jako taki narusza Prawo W\u0142asno\u015bci Intelektualnej takiej osoby trzeciej lub narusza licencj\u0119 udzielon\u0105 na jego podstawie.<\/p><h3>ARTYKU\u0141 10. SI\u0141A WY\u017bSZA<\/h3><p>10.1. W przypadku wyst\u0105pienia si\u0142y wy\u017cszej Sense Cloud nigdy nie jest zobowi\u0105zana do zrekompensowania jakichkolwiek szk\u00f3d poniesionych przez Klienta w jej wyniku. Si\u0142a wy\u017csza obejmuje zak\u0142\u00f3cenia lub awarie Internetu, infrastruktury telekomunikacyjnej, awarie zasilania, zak\u0142\u00f3cenia w gospodarstwach domowych, mobilizacj\u0119, wojn\u0119, zatory komunikacyjne, strajki, lokauty, awarie operacyjne, zast\u00f3j dostaw, po\u017car i pow\u00f3d\u017a.<\/p><h3>ARTYKU\u0141 11. CZAS TRWANIA I ROZWI\u0104ZANIE<\/h3><p>11.1. Niniejsza umowa rozpoczyna si\u0119, gdy Klient po raz pierwszy skorzysta z Clickkera, a nast\u0119pnie obowi\u0105zuje przez czas nieokre\u015blony.<br \/>11.2. Klient mo\u017ce zako\u0144czy\u0107 korzystanie z Clickker z miesi\u0119cznym okresem wypowiedzenia. Klient mo\u017ce r\u00f3wnie\u017c wypowiedzie\u0107 konto jednego lub wi\u0119kszej liczby U\u017cytkownik\u00f3w co miesi\u0105c. Wypowiedzenie musi by\u0107 dokonane na pi\u015bmie.<br \/>11.3. Po rozwi\u0105zaniu Umowy (z jakiegokolwiek powodu), Klient\/U\u017cytkownik musi zaprzesta\u0107 korzystania z Clickker. U\u017cytkownik musi nast\u0119pnie usun\u0105\u0107 wszystkie kopie (w tym wszelkie kopie zapasowe) Clickker ze wszystkich swoich system\u00f3w.<br \/>11.4. Po rozwi\u0105zaniu umowy Klient mo\u017ce, na \u017c\u0105danie, otrzyma\u0107 kopi\u0119 danych aktualnie dost\u0119pnych dla Klienta za po\u015brednictwem us\u0142ugi.<br \/>11.5. Sense Cloud jest uprawniona do wypowiedzenia prawa u\u017cytkowania ze skutkiem natychmiastowym i bez obowi\u0105zku wyp\u0142aty odszkodowania, je\u017celi:<br \/>i. Klient nie wywi\u0105za\u0142 si\u0119 ze swoich zobowi\u0105za\u0144 i takie uchybienie nie zosta\u0142o naprawione w ci\u0105gu 14 dni od pisemnego powiadomienia o uchybieniu;<br \/>ii. Klient og\u0142osi\u0142 upad\u0142o\u015b\u0107;<br \/>iii. Klientowi przyznano zawieszenie p\u0142atno\u015bci;<br \/>iv. Dokonywane jest og\u00f3lne zaj\u0119cie aktyw\u00f3w Klienta;<br \/>v. Klient przechodzi w stan likwidacji;<br \/>vi. Klient zostaje rozwi\u0105zany.<\/p><h3>ARTYKU\u0141 12. POUFNO\u015a\u0106<\/h3><p>12.1. Strony zachowaj\u0105 poufno\u015b\u0107 wszelkich informacji, kt\u00f3re przekazuj\u0105 sobie nawzajem za po\u015brednictwem Clickker, je\u015bli takie informacje s\u0105 oznaczone jako poufne lub je\u015bli strona otrzymuj\u0105ca wie lub powinna zasadnie podejrzewa\u0107, \u017ce informacje mia\u0142y by\u0107 poufne.<br \/>12.2. Sense Cloud nie bierze pod uwag\u0119 prywatnych danych, kt\u00f3re Klient\/U\u017cytkownik przechowuje i\/lub rozpowszechnia za po\u015brednictwem Clickker, chyba \u017ce jest to konieczne do prawid\u0142owego \u015bwiadczenia us\u0142ugi lub Sense Cloud jest do tego zobowi\u0105zana na mocy przepisu ustawowego.<\/p><h3>ARTYKU\u0141 13. MODYFIKACJA WARUNK\u00d3W U\u017bYTKOWANIA<\/h3><p>13.1. Niniejsze Warunki u\u017cytkowania mog\u0105 zosta\u0107 zmienione.<br \/>13.2. Sense Cloud og\u0142osi zmiany lub uzupe\u0142nienia co najmniej (30) dni kalendarzowych przed ich wej\u015bciem w \u017cycie, aby Klient\/U\u017cytkownik m\u00f3g\u0142 si\u0119 z nimi zapozna\u0107.<br \/>13.3. Je\u015bli Klient nie chce zaakceptowa\u0107 zmiany lub uzupe\u0142nienia, mo\u017ce anulowa\u0107 prawo do u\u017cytkowania do dnia wej\u015bcia w \u017cycie. Korzystanie z Oprogramowania po dacie wej\u015bcia w \u017cycie oznacza akceptacj\u0119 zmienionych lub uzupe\u0142nionych warunk\u00f3w.<\/p><h3>ARTYKU\u0141 14. INNE POSTANOWIENIA<\/h3><p>14.1. Korzystanie i umowa, na kt\u00f3rej si\u0119 ono opiera, podlegaj\u0105 prawu holenderskiemu. W zakresie, w jakim przepisy prawa bezwzgl\u0119dnie obowi\u0105zuj\u0105cego nie stanowi\u0105 inaczej, wszelkie spory zwi\u0105zane z niniejszymi Warunkami u\u017cytkowania b\u0119d\u0105 rozstrzygane przez w\u0142a\u015bciwy s\u0105d holenderski w Assen.<br \/>14.2. Je\u015bli kt\u00f3rekolwiek z postanowie\u0144 niniejszych Warunk\u00f3w u\u017cytkowania oka\u017ce si\u0119 niewa\u017cne, nie b\u0119dzie to mia\u0142o wp\u0142ywu na wa\u017cno\u015b\u0107 ca\u0142ych Warunk\u00f3w u\u017cytkowania. W takim przypadku strony ustal\u0105 nowe postanowienie (nowe postanowienia), kt\u00f3re je zast\u0105pi (zast\u0105pi\u0105), kt\u00f3re nada kszta\u0142t intencji pierwotnego postanowienia w takim stopniu, w jakim jest to prawnie mo\u017cliwe.<br \/>14.3. Sense Cloud jest uprawniona do przeniesienia swoich praw i obowi\u0105zk\u00f3w wynikaj\u0105cych z Warunk\u00f3w korzystania na osob\u0119 trzeci\u0105, kt\u00f3ra nabywa od niej Clickkera lub odpowiedni\u0105 dzia\u0142alno\u015b\u0107 gospodarcz\u0105.<\/p>\t\t\t\t\t\t\t\t<\/div>\n\t\t\t\t<\/div>\n\t\t\t\t\t<\/div>\n\t\t\t\t<\/div>\n\t\t\t\t<\/div>","protected":false},"excerpt":{"rendered":"<p>Sense Cloud B.V., z siedzib\u0105 w Emmen i zarejestrowana w Izbie Handlowej pod numerem 70010617, zwana dalej \"Sense Cloud\", oferuje oprogramowanie \"Clickker\". Oprogramowanie to jest dostarczane przez Internet w formie us\u0142ugi Software-as-a-Service. Korzystanie z Clickker podlega nast\u0119puj\u0105cym warunkom u\u017cytkowania. Korzystaj\u0105c z Clickker, u\u017cytkownik wyra\u017ca na nie zgod\u0119. Odst\u0119pstwa od tych [...]<\/p>","protected":false},"author":1,"featured_media":0,"parent":8335,"menu_order":0,"comment_status":"closed","ping_status":"closed","template":"","meta":{"footnotes":""},"class_list":["post-1683","page","type-page","status-publish","hentry"],"_links":{"self":[{"href":"https:\/\/www.clickker.nl\/pl\/wp-json\/wp\/v2\/pages\/1683","targetHints":{"allow":["GET"]}}],"collection":[{"href":"https:\/\/www.clickker.nl\/pl\/wp-json\/wp\/v2\/pages"}],"about":[{"href":"https:\/\/www.clickker.nl\/pl\/wp-json\/wp\/v2\/types\/page"}],"author":[{"embeddable":true,"href":"https:\/\/www.clickker.nl\/pl\/wp-json\/wp\/v2\/users\/1"}],"replies":[{"embeddable":true,"href":"https:\/\/www.clickker.nl\/pl\/wp-json\/wp\/v2\/comments?post=1683"}],"version-history":[{"count":46,"href":"https:\/\/www.clickker.nl\/pl\/wp-json\/wp\/v2\/pages\/1683\/revisions"}],"predecessor-version":[{"id":9234,"href":"https:\/\/www.clickker.nl\/pl\/wp-json\/wp\/v2\/pages\/1683\/revisions\/9234"}],"up":[{"embeddable":true,"href":"https:\/\/www.clickker.nl\/pl\/wp-json\/wp\/v2\/pages\/8335"}],"wp:attachment":[{"href":"https:\/\/www.clickker.nl\/pl\/wp-json\/wp\/v2\/media?parent=1683"}],"curies":[{"name":"wp","href":"https:\/\/api.w.org\/{rel}","templated":true}]}}