{"id":11178,"date":"2024-05-08T12:15:31","date_gmt":"2024-05-08T10:15:31","guid":{"rendered":"https:\/\/www.clickker.nl\/?page_id=11178"},"modified":"2024-05-08T15:34:36","modified_gmt":"2024-05-08T13:34:36","slug":"darmowy-ebook-wprowadzenie-do-api","status":"publish","type":"page","link":"https:\/\/www.clickker.nl\/pl\/darmowy-ebook-wprowadzenie-do-api\/","title":{"rendered":"Darmowy Ebook"},"content":{"rendered":"<div data-elementor-type=\"wp-page\" data-elementor-id=\"11178\" class=\"elementor elementor-11178\" data-elementor-post-type=\"page\">\n\t\t\t\t<div class=\"elementor-element elementor-element-4d6af7f0 e-flex e-con-boxed e-con e-parent\" data-id=\"4d6af7f0\" data-element_type=\"container\" data-settings=\"{&quot;background_background&quot;:&quot;gradient&quot;}\">\n\t\t\t\t\t<div class=\"e-con-inner\">\n\t\t\t\t\t<\/div>\n\t\t\t\t<\/div>\n\t\t<div class=\"elementor-element elementor-element-6ed51df4 e-flex e-con-boxed e-con e-parent\" data-id=\"6ed51df4\" data-element_type=\"container\" data-settings=\"{&quot;background_background&quot;:&quot;gradient&quot;}\">\n\t\t\t\t\t<div class=\"e-con-inner\">\n\t\t<div class=\"elementor-element elementor-element-3139796f e-con-full e-flex e-con e-child\" data-id=\"3139796f\" data-element_type=\"container\">\n\t\t\t\t<div class=\"elementor-element elementor-element-5da42087 elementor-widget elementor-widget-image\" data-id=\"5da42087\" data-element_type=\"widget\" data-widget_type=\"image.default\">\n\t\t\t\t<div class=\"elementor-widget-container\">\n\t\t\t\t\t\t\t\t\t\t\t\t\t\t\t<img fetchpriority=\"high\" decoding=\"async\" width=\"400\" height=\"400\" src=\"https:\/\/www.clickker.nl\/wp-content\/uploads\/2024\/02\/EbookClickkerApi400400.webp\" class=\"attachment-full size-full wp-image-10743\" alt=\"\" srcset=\"https:\/\/www.clickker.nl\/wp-content\/uploads\/2024\/02\/EbookClickkerApi400400.webp 400w, https:\/\/www.clickker.nl\/wp-content\/uploads\/2024\/02\/EbookClickkerApi400400-300x300.webp 300w, https:\/\/www.clickker.nl\/wp-content\/uploads\/2024\/02\/EbookClickkerApi400400-150x150.webp 150w\" sizes=\"(max-width: 400px) 100vw, 400px\">\t\t\t\t\t\t\t\t\t\t\t\t\t\t\t<\/div>\n\t\t\t\t<\/div>\n\t\t\t\t<\/div>\n\t\t<div class=\"elementor-element elementor-element-79edcbb2 e-con-full e-flex e-con e-child\" data-id=\"79edcbb2\" data-element_type=\"container\">\n\t\t\t\t<div class=\"elementor-element elementor-element-7682c166 elementor-widget elementor-widget-heading\" data-id=\"7682c166\" data-element_type=\"widget\" data-widget_type=\"heading.default\">\n\t\t\t\t<div class=\"elementor-widget-container\">\n\t\t\t\t\t<h2 class=\"elementor-heading-title elementor-size-default\">Darmowy Ebook<\/h2>\t\t\t\t<\/div>\n\t\t\t\t<\/div>\n\t\t\t\t<div class=\"elementor-element elementor-element-55d5eced elementor-widget elementor-widget-text-editor\" data-id=\"55d5eced\" data-element_type=\"widget\" data-widget_type=\"text-editor.default\">\n\t\t\t\t<div class=\"elementor-widget-container\">\n\t\t\t\t\t\t\t\t\t<p>\"Wprowadzenie do API\"<\/p>\t\t\t\t\t\t\t\t<\/div>\n\t\t\t\t<\/div>\n\t\t\t\t<div class=\"elementor-element elementor-element-5e3c313c elementor-widget elementor-widget-text-editor\" data-id=\"5e3c313c\" data-element_type=\"widget\" data-widget_type=\"text-editor.default\">\n\t\t\t\t<div class=\"elementor-widget-container\">\n\t\t\t\t\t\t\t\t\t<p>Praktyczny, 30-stronicowy przewodnik po interfejsach API: odkryj, jak dzia\u0142aj\u0105 i jaki maj\u0105 potencja\u0142 dla Ciebie, w tym przegl\u0105d ponad 150 termin\u00f3w, wyja\u015bnionych w prosty spos\u00f3b, aby pog\u0142\u0119bi\u0107 swoj\u0105 wiedz\u0119!<\/p>\t\t\t\t\t\t\t\t<\/div>\n\t\t\t\t<\/div>\n\t\t\t\t<div class=\"elementor-element elementor-element-1c921c82 elementor-button-align-stretch elementor-widget elementor-widget-form\" data-id=\"1c921c82\" data-element_type=\"widget\" data-settings=\"{&quot;button_width&quot;:&quot;40&quot;,&quot;step_next_label&quot;:&quot;Next&quot;,&quot;step_previous_label&quot;:&quot;Previous&quot;,&quot;step_type&quot;:&quot;number_text&quot;,&quot;step_icon_shape&quot;:&quot;circle&quot;}\" data-widget_type=\"form.default\">\n\t\t\t\t<div class=\"elementor-widget-container\">\n\t\t\t\t\t\t\t<form class=\"elementor-form\" method=\"post\" name=\"Nieuw Formulier\" aria-label=\"Nowy formularz\" action=\"\">\n\t\t\t<input type=\"hidden\" name=\"post_id\" value=\"11178\"\/>\n\t\t\t<input type=\"hidden\" name=\"form_id\" value=\"1c921c82\"\/>\n\t\t\t<input type=\"hidden\" name=\"referer_title\" value=\"Gratis Ebook | Lees Alles Over API&#039;s | CLickker\" \/>\n\n\t\t\t\t\t\t\t<input type=\"hidden\" name=\"queried_id\" value=\"11178\"\/>\n\t\t\t\n\t\t\t<div class=\"elementor-form-fields-wrapper elementor-labels-above\">\n\t\t\t\t\t\t\t\t<div class=\"elementor-field-type-text elementor-field-group elementor-column elementor-field-group-name elementor-col-50\">\n\t\t\t\t\t\t\t\t\t\t\t\t\t<input size=\"1\" type=\"text\" name=\"form_fields[name]\" id=\"form-field-name\" class=\"elementor-field elementor-size-sm  elementor-field-textual\" placeholder=\"Imi\u0119\">\n\t\t\t\t\t\t\t\t\t\t\t<\/div>\n\t\t\t\t\t\t\t\t<div class=\"elementor-field-type-text elementor-field-group elementor-column elementor-field-group-field_1145a37 elementor-col-50\">\n\t\t\t\t\t\t\t\t\t\t\t\t\t<input size=\"1\" type=\"text\" name=\"form_fields[field_1145a37]\" id=\"form-field-field_1145a37\" class=\"elementor-field elementor-size-sm  elementor-field-textual\" placeholder=\"Nazwisko\">\n\t\t\t\t\t\t\t\t\t\t\t<\/div>\n\t\t\t\t\t\t\t\t<div class=\"elementor-field-type-email elementor-field-group elementor-column elementor-field-group-email elementor-col-100 elementor-field-required\">\n\t\t\t\t\t\t\t\t\t\t\t\t\t<input size=\"1\" type=\"email\" name=\"form_fields[email]\" id=\"form-field-email\" class=\"elementor-field elementor-size-sm  elementor-field-textual\" placeholder=\"E-mail\" required=\"required\">\n\t\t\t\t\t\t\t\t\t\t\t<\/div>\n\t\t\t\t\t\t\t\t<div class=\"elementor-field-group elementor-column elementor-field-type-submit elementor-col-40 e-form__buttons\">\n\t\t\t\t\t<button class=\"elementor-button elementor-size-md\" type=\"submit\">\n\t\t\t\t\t\t<span class=\"elementor-button-content-wrapper\">\n\t\t\t\t\t\t\t\t\t\t\t\t\t\t\t\t\t\t\t\t\t\t<span class=\"elementor-button-text\">Zapytaj<\/span>\n\t\t\t\t\t\t\t\t\t\t\t\t\t<\/span>\n\t\t\t\t\t<\/button>\n\t\t\t\t<\/div>\n\t\t\t<\/div>\n\t\t<input type=\"hidden\" name=\"trp-form-language\" value=\"pl\"\/><\/form>\n\t\t\t\t\t\t<\/div>\n\t\t\t\t<\/div>\n\t\t\t\t<\/div>\n\t\t\t\t\t<\/div>\n\t\t\t\t<\/div>\n\t\t\t\t<\/div>","protected":false},"excerpt":{"rendered":"<p>Darmowy Ebook \"Wprowadzenie do API\" 30-stronicowy praktyczny przewodnik po API: odkryj, jak dzia\u0142aj\u0105 i jaki maj\u0105 potencja\u0142 dla Ciebie, w tym przegl\u0105d ponad 150 termin\u00f3w, \u0142atwo wyja\u015bnionych, aby pog\u0142\u0119bi\u0107 swoj\u0105 wiedz\u0119!<\/p>","protected":false},"author":6,"featured_media":0,"parent":0,"menu_order":0,"comment_status":"closed","ping_status":"closed","template":"","meta":{"footnotes":""},"class_list":["post-11178","page","type-page","status-publish","hentry"],"_links":{"self":[{"href":"https:\/\/www.clickker.nl\/pl\/wp-json\/wp\/v2\/pages\/11178","targetHints":{"allow":["GET"]}}],"collection":[{"href":"https:\/\/www.clickker.nl\/pl\/wp-json\/wp\/v2\/pages"}],"about":[{"href":"https:\/\/www.clickker.nl\/pl\/wp-json\/wp\/v2\/types\/page"}],"author":[{"embeddable":true,"href":"https:\/\/www.clickker.nl\/pl\/wp-json\/wp\/v2\/users\/6"}],"replies":[{"embeddable":true,"href":"https:\/\/www.clickker.nl\/pl\/wp-json\/wp\/v2\/comments?post=11178"}],"version-history":[{"count":11,"href":"https:\/\/www.clickker.nl\/pl\/wp-json\/wp\/v2\/pages\/11178\/revisions"}],"predecessor-version":[{"id":11335,"href":"https:\/\/www.clickker.nl\/pl\/wp-json\/wp\/v2\/pages\/11178\/revisions\/11335"}],"wp:attachment":[{"href":"https:\/\/www.clickker.nl\/pl\/wp-json\/wp\/v2\/media?parent=11178"}],"curies":[{"name":"wp","href":"https:\/\/api.w.org\/{rel}","templated":true}]}}