{"id":8053,"date":"2023-06-21T09:02:36","date_gmt":"2023-06-21T09:02:36","guid":{"rendered":"https:\/\/www.clickker.nl\/?page_id=8053"},"modified":"2025-05-28T15:22:49","modified_gmt":"2025-05-28T13:22:49","slug":"pourquoi-les-utilisateurs-finaux-de-clicker","status":"publish","type":"page","link":"https:\/\/www.clickker.nl\/fr\/pour-les-utilisateurs-finaux\/pourquoi-les-utilisateurs-finaux-de-clicker\/","title":{"rendered":"Pourquoi Clickker ?"},"content":{"rendered":"<div data-elementor-type=\"wp-page\" data-elementor-id=\"8053\" class=\"elementor elementor-8053\" data-elementor-post-type=\"page\">\n\t\t\t\t<div class=\"elementor-element elementor-element-7074524 e-flex e-con-boxed e-con e-parent\" data-id=\"7074524\" data-element_type=\"container\" data-settings=\"{&quot;background_background&quot;:&quot;gradient&quot;}\">\n\t\t\t\t\t<div class=\"e-con-inner\">\n\t\t<div class=\"elementor-element elementor-element-eef6295 e-con-full e-flex e-con e-child\" data-id=\"eef6295\" data-element_type=\"container\">\n\t\t\t\t<div class=\"elementor-element elementor-element-c76ebb9 elementor-widget elementor-widget-shortcode\" data-id=\"c76ebb9\" data-element_type=\"widget\" data-widget_type=\"shortcode.default\">\n\t\t\t\t<div class=\"elementor-widget-container\">\n\t\t\t\t\t\t\t<div class=\"elementor-shortcode\"><nav aria-label=\"chapelure\" class=\"rank-math-breadcrumb\"><p><span class=\"last\">Accueil<\/span><\/p><\/nav><\/div>\n\t\t\t\t\t\t<\/div>\n\t\t\t\t<\/div>\n\t\t\t\t<\/div>\n\t\t\t\t\t<\/div>\n\t\t\t\t<\/div>\n\t\t<div class=\"elementor-element elementor-element-e01f6a6 e-flex e-con-boxed e-con e-parent\" data-id=\"e01f6a6\" data-element_type=\"container\">\n\t\t\t\t\t<div class=\"e-con-inner\">\n\t\t\t\t<div class=\"elementor-element elementor-element-f6aab6d elementor-widget elementor-widget-spacer\" data-id=\"f6aab6d\" data-element_type=\"widget\" data-widget_type=\"spacer.default\">\n\t\t\t\t<div class=\"elementor-widget-container\">\n\t\t\t\t\t\t\t<div class=\"elementor-spacer\">\n\t\t\t<div class=\"elementor-spacer-inner\"><\/div>\n\t\t<\/div>\n\t\t\t\t\t\t<\/div>\n\t\t\t\t<\/div>\n\t\t\t\t\t<\/div>\n\t\t\t\t<\/div>\n\t\t<div class=\"elementor-element elementor-element-8f66f74 e-flex e-con-boxed e-con e-parent\" data-id=\"8f66f74\" data-element_type=\"container\">\n\t\t\t\t\t<div class=\"e-con-inner\">\n\t\t\t\t<div class=\"elementor-element elementor-element-60ebcf0 elementor-widget-tablet__width-inherit elementor-widget elementor-widget-heading\" data-id=\"60ebcf0\" data-element_type=\"widget\" data-widget_type=\"heading.default\">\n\t\t\t\t<div class=\"elementor-widget-container\">\n\t\t\t\t\t<h2 class=\"elementor-heading-title elementor-size-xl\">Tout est exactement li\u00e9<\/h2>\t\t\t\t<\/div>\n\t\t\t\t<\/div>\n\t\t\t\t\t<\/div>\n\t\t\t\t<\/div>\n\t\t<div class=\"elementor-element elementor-element-766bdb3 e-flex e-con-boxed e-con e-parent\" data-id=\"766bdb3\" data-element_type=\"container\">\n\t\t\t\t\t<div class=\"e-con-inner\">\n\t\t\t\t<div class=\"elementor-element elementor-element-f7cbe2c elementor-widget elementor-widget-text-editor\" data-id=\"f7cbe2c\" data-element_type=\"widget\" data-widget_type=\"text-editor.default\">\n\t\t\t\t<div class=\"elementor-widget-container\">\n\t\t\t\t\t\t\t\t\t<p>Le monde \u00e9volue rapidement. Pour y r\u00e9pondre, la technologie informatique joue un r\u00f4le crucial. Un syst\u00e8me ERP complet ne suffit plus aujourd'hui.<\/p><h5><strong>Le meilleur de la race<\/strong><\/h5><p>Que signifie l'application d'une strat\u00e9gie \"best-of-breed\" \u00e0 votre paysage applicatif ?<\/p><p>L'expression \"best-of-breed\" signifie que l'on choisit la meilleure solution logicielle (la plus applicable) pour chaque domaine d'application.<\/p><p>Par exemple, une application CRM d'un fournisseur pour votre d\u00e9partement des ventes et une application WMS d'un autre fournisseur pour votre entrep\u00f4t.<\/p><p>Quelles sont les implications si vous d\u00e9cidez de mettre en \u0153uvre une telle strat\u00e9gie ?<\/p><p>Cela signifie que, dans la plupart des cas, vous aurez plusieurs applications standard dans votre paysage applicatif. Ces applications doivent \u00eatre int\u00e9gr\u00e9es les unes aux autres. C'est l\u00e0 que Clickker entre en jeu. Clickker veille \u00e0 ce que cette int\u00e9gration se fasse rapidement et en toute s\u00e9curit\u00e9. Pour ce faire, il d\u00e9ploie une technologie (lien hypertexte vers l'API REST) largement utilis\u00e9e sur le march\u00e9.<\/p><h5><strong>Cela permet \u00e0 votre organisation de b\u00e9n\u00e9ficier des avantages suivants :<\/strong><\/h5><ul><li>Standardisation des missions Exact<\/li><li>Toujours \u00e0 jour sans frais suppl\u00e9mentaires<\/li><li>Convient \u00e0 Exact Globe Next, Exact Globe+ et Exact Synergy<\/li><li>Pas cher un montant fixe par mois<\/li><li>Possibilit\u00e9 de mise en \u0153uvre rapide<\/li><li>Multi-d\u00e9ploiement (plusieurs applications par licence Exact)<\/li><li>Flexibilit\u00e9 dans l'extraction de tous types de donn\u00e9es<\/li><li>Beaucoup moins de recours au consultant Exact !<\/li><\/ul><div>\u00a0<\/div><p>Plus important encore, la combinaison de Clickker et d'Exact permet \u00e0 votre organisation d'anticiper rapidement les changements du march\u00e9.<\/p><h5><strong>C'est ce que tout le monde veut, n'est-ce pas ?<\/strong><\/h5>\t\t\t\t\t\t\t\t<\/div>\n\t\t\t\t<\/div>\n\t\t\t\t\t<\/div>\n\t\t\t\t<\/div>\n\t\t<div class=\"elementor-element elementor-element-53058ed e-flex e-con-boxed e-con e-parent\" data-id=\"53058ed\" data-element_type=\"container\">\n\t\t\t\t\t<div class=\"e-con-inner\">\n\t\t\t\t<div class=\"elementor-element elementor-element-8b38812 elementor-widget elementor-widget-heading\" data-id=\"8b38812\" data-element_type=\"widget\" data-widget_type=\"heading.default\">\n\t\t\t\t<div class=\"elementor-widget-container\">\n\t\t\t\t\t<h2 class=\"elementor-heading-title elementor-size-default\">Le film ci-dessous explique le concept Clickker<\/h2>\t\t\t\t<\/div>\n\t\t\t\t<\/div>\n\t\t\t\t\t<\/div>\n\t\t\t\t<\/div>\n\t\t<div class=\"elementor-element elementor-element-d910a37 e-flex e-con-boxed e-con e-parent\" data-id=\"d910a37\" data-element_type=\"container\">\n\t\t\t\t\t<div class=\"e-con-inner\">\n\t\t\t\t<div class=\"elementor-element elementor-element-973c7a6 elementor-widget elementor-widget-video\" data-id=\"973c7a6\" data-element_type=\"widget\" data-settings=\"{&quot;video_type&quot;:&quot;vimeo&quot;}\" data-widget_type=\"video.default\">\n\t\t\t\t<div class=\"elementor-widget-container\">\n\t\t\t\t\t\t\t<div class=\"elementor-wrapper elementor-open-inline\">\n\t\t\t<iframe class=\"elementor-video-iframe\" allowfullscreen allow=\"clipboard-write\" title=\"lecteur vid\u00e9o vimeo\" src=\"https:\/\/player.vimeo.com\/video\/836841972?color&amp;autopause=0&amp;loop=0&amp;muted=0&amp;title=0&amp;portrait=1&amp;byline=1#t=\"><\/iframe>\t\t<\/div>\n\t\t\t\t\t\t<\/div>\n\t\t\t\t<\/div>\n\t\t\t\t\t<\/div>\n\t\t\t\t<\/div>\n\t\t\t\t<\/div>","protected":false},"excerpt":{"rendered":"<p>Tout est li\u00e9 avec exactitude Le monde \u00e9volue rapidement. Pour y r\u00e9pondre, la technologie informatique joue un r\u00f4le crucial. De nos jours, un syst\u00e8me ERP global ne suffit plus. Best-of-breed Que signifie l'application d'une strat\u00e9gie \"best-of-breed\" \u00e0 votre paysage applicatif ? Best-of-breed signifie que vous prenez le meilleur (le plus applicable) [...]<\/p>","protected":false},"author":7,"featured_media":0,"parent":8331,"menu_order":0,"comment_status":"closed","ping_status":"closed","template":"elementor_header_footer","meta":{"footnotes":""},"class_list":["post-8053","page","type-page","status-publish","hentry"],"_links":{"self":[{"href":"https:\/\/www.clickker.nl\/fr\/wp-json\/wp\/v2\/pages\/8053","targetHints":{"allow":["GET"]}}],"collection":[{"href":"https:\/\/www.clickker.nl\/fr\/wp-json\/wp\/v2\/pages"}],"about":[{"href":"https:\/\/www.clickker.nl\/fr\/wp-json\/wp\/v2\/types\/page"}],"author":[{"embeddable":true,"href":"https:\/\/www.clickker.nl\/fr\/wp-json\/wp\/v2\/users\/7"}],"replies":[{"embeddable":true,"href":"https:\/\/www.clickker.nl\/fr\/wp-json\/wp\/v2\/comments?post=8053"}],"version-history":[{"count":137,"href":"https:\/\/www.clickker.nl\/fr\/wp-json\/wp\/v2\/pages\/8053\/revisions"}],"predecessor-version":[{"id":13832,"href":"https:\/\/www.clickker.nl\/fr\/wp-json\/wp\/v2\/pages\/8053\/revisions\/13832"}],"up":[{"embeddable":true,"href":"https:\/\/www.clickker.nl\/fr\/wp-json\/wp\/v2\/pages\/8331"}],"wp:attachment":[{"href":"https:\/\/www.clickker.nl\/fr\/wp-json\/wp\/v2\/media?parent=8053"}],"curies":[{"name":"wp","href":"https:\/\/api.w.org\/{rel}","templated":true}]}}