{"id":1830,"date":"2023-05-02T08:01:23","date_gmt":"2023-05-02T08:01:23","guid":{"rendered":"https:\/\/www.clickker.nl\/?page_id=1830"},"modified":"2023-07-10T13:21:26","modified_gmt":"2023-07-10T11:21:26","slug":"pourquoi-les-developpeurs-de-clickers","status":"publish","type":"page","link":"https:\/\/www.clickker.nl\/fr\/pour-les-developpeurs\/pourquoi-les-developpeurs-de-clickers\/","title":{"rendered":"Pourquoi Clickker ?"},"content":{"rendered":"<div data-elementor-type=\"wp-page\" data-elementor-id=\"1830\" class=\"elementor elementor-1830\" data-elementor-post-type=\"page\">\n\t\t\t\t<div class=\"elementor-element elementor-element-7074524 e-flex e-con-boxed e-con e-parent\" data-id=\"7074524\" data-element_type=\"container\" data-settings=\"{&quot;background_background&quot;:&quot;gradient&quot;}\">\n\t\t\t\t\t<div class=\"e-con-inner\">\n\t\t<div class=\"elementor-element elementor-element-eef6295 e-con-full e-flex e-con e-parent\" data-id=\"eef6295\" data-element_type=\"container\">\n\t\t\t\t<div class=\"elementor-element elementor-element-c76ebb9 elementor-widget elementor-widget-shortcode\" data-id=\"c76ebb9\" data-element_type=\"widget\" data-widget_type=\"shortcode.default\">\n\t\t\t\t<div class=\"elementor-widget-container\">\n\t\t\t\t\t\t\t<div class=\"elementor-shortcode\"><nav aria-label=\"chapelure\" class=\"rank-math-breadcrumb\"><p><span class=\"last\">Accueil<\/span><\/p><\/nav><\/div>\n\t\t\t\t\t\t<\/div>\n\t\t\t\t<\/div>\n\t\t\t\t<\/div>\n\t\t\t\t\t<\/div>\n\t\t\t\t<\/div>\n\t\t<div class=\"elementor-element elementor-element-d993d0f e-flex e-con-boxed e-con e-parent\" data-id=\"d993d0f\" data-element_type=\"container\">\n\t\t\t\t\t<div class=\"e-con-inner\">\n\t\t\t\t<div class=\"elementor-element elementor-element-dd758bd elementor-widget elementor-widget-spacer\" data-id=\"dd758bd\" data-element_type=\"widget\" data-widget_type=\"spacer.default\">\n\t\t\t\t<div class=\"elementor-widget-container\">\n\t\t\t\t\t\t\t<div class=\"elementor-spacer\">\n\t\t\t<div class=\"elementor-spacer-inner\"><\/div>\n\t\t<\/div>\n\t\t\t\t\t\t<\/div>\n\t\t\t\t<\/div>\n\t\t\t\t\t<\/div>\n\t\t\t\t<\/div>\n\t\t<div class=\"elementor-element elementor-element-1437fdf e-flex e-con-boxed e-con e-parent\" data-id=\"1437fdf\" data-element_type=\"container\">\n\t\t\t\t\t<div class=\"e-con-inner\">\n\t\t\t\t<div class=\"elementor-element elementor-element-da6af28 elementor-widget elementor-widget-heading\" data-id=\"da6af28\" data-element_type=\"widget\" data-widget_type=\"heading.default\">\n\t\t\t\t<div class=\"elementor-widget-container\">\n\t\t\t\t\t<h2 class=\"elementor-heading-title elementor-size-default\">La solution API pour Exact Software<\/h2>\t\t\t\t<\/div>\n\t\t\t\t<\/div>\n\t\t\t\t\t<\/div>\n\t\t\t\t<\/div>\n\t\t<div class=\"elementor-element elementor-element-766bdb3 e-flex e-con-boxed e-con e-parent\" data-id=\"766bdb3\" data-element_type=\"container\">\n\t\t\t\t\t<div class=\"e-con-inner\">\n\t\t\t\t<div class=\"elementor-element elementor-element-f7cbe2c elementor-widget elementor-widget-text-editor\" data-id=\"f7cbe2c\" data-element_type=\"widget\" data-widget_type=\"text-editor.default\">\n\t\t\t\t<div class=\"elementor-widget-container\">\n\t\t\t\t\t\t\t\t\t<h5><strong>LE D\u00c9FI<\/strong><\/h5><p>La liaison avec les logiciels Exact, en particulier Exact Globe, est difficile en raison de l'absence d'API externe. Plusieurs m\u00e9thodes sont disponibles dans Exact Globe pour \u00e9tablir un lien (CSV, XML, SDK, Entity Services), mais elles ne sont pas id\u00e9ales et ne prennent pas en charge toutes les actions au sein d'Exact. Cela rend la t\u00e2che encore plus complexe.<\/p><h5><strong><span style=\"color: #2b2c60; text-align: center;\">LA SOLUTION<\/span><\/strong><\/h5><p>Pour relever ces d\u00e9fis, nous avons d\u00e9velopp\u00e9 Clickker. Avec Clickker, vous disposez d'un point de contact unique pour toutes les actions et vous ne devez plus vous demander ce qu'il est possible de faire par vous-m\u00eame. Nous avons une bonne <a href=\"https:\/\/demo-api.clickker.nl\/swagger\" target=\"_blank\" rel=\"noopener\">document\u00e9<\/a> L'API REST a \u00e9t\u00e9 d\u00e9velopp\u00e9e pour Exact Globe, ce qui facilite l'int\u00e9gration. Nous avons \u00e9galement accord\u00e9 beaucoup d'attention \u00e0 la journalisation afin de d\u00e9tecter rapidement toute erreur.<\/p><p>Clickker fonctionne avec une connexion s\u00e9curis\u00e9e (HTTPS) et offre la possibilit\u00e9 d'assigner un port sp\u00e9cifique dans IIS. <br \/>Le principal avantage est que Clickker vous permet d'\u00e9tablir votre propre connexion, sans avoir \u00e0 vous soucier de la qualit\u00e9 de la connexion. <a href=\"https:\/\/www.clickker.nl\/fr\/base_de_connaissances\/api-limieten-exact-online\/\">limiter les limites<\/a> comme c'est le cas avec Exact Online.<\/p>\t\t\t\t\t\t\t\t<\/div>\n\t\t\t\t<\/div>\n\t\t\t\t\t<\/div>\n\t\t\t\t<\/div>\n\t\t<div class=\"elementor-element elementor-element-902105c e-flex e-con-boxed e-con e-parent\" data-id=\"902105c\" data-element_type=\"container\">\n\t\t\t\t\t<div class=\"e-con-inner\">\n\t\t\t\t<div class=\"elementor-element elementor-element-0b7f2c2 elementor-widget elementor-widget-image\" data-id=\"0b7f2c2\" data-element_type=\"widget\" data-widget_type=\"image.default\">\n\t\t\t\t<div class=\"elementor-widget-container\">\n\t\t\t\t\t\t\t\t\t\t\t\t\t\t\t<img fetchpriority=\"high\" decoding=\"async\" width=\"800\" height=\"444\" src=\"https:\/\/www.clickker.nl\/wp-content\/uploads\/2023\/06\/schema-1024x568.png\" class=\"attachment-large size-large wp-image-7924\" alt=\"\" srcset=\"https:\/\/www.clickker.nl\/wp-content\/uploads\/2023\/06\/schema-1024x568.png 1024w, https:\/\/www.clickker.nl\/wp-content\/uploads\/2023\/06\/schema-300x166.png 300w, https:\/\/www.clickker.nl\/wp-content\/uploads\/2023\/06\/schema-768x426.png 768w, https:\/\/www.clickker.nl\/wp-content\/uploads\/2023\/06\/schema-1536x851.png 1536w, https:\/\/www.clickker.nl\/wp-content\/uploads\/2023\/06\/schema.png 1705w\" sizes=\"(max-width: 800px) 100vw, 800px\">\t\t\t\t\t\t\t\t\t\t\t\t\t\t\t<\/div>\n\t\t\t\t<\/div>\n\t\t\t\t\t<\/div>\n\t\t\t\t<\/div>\n\t\t\t\t<\/div>","protected":false},"excerpt":{"rendered":"<p>La solution API pour Exact Software LE D\u00c9FI La liaison avec les logiciels Exact, en particulier Exact Globe, est un d\u00e9fi en raison de l'absence d'API externe. Il existe plusieurs m\u00e9thodes disponibles dans Exact Globe pour \u00e9tablir un lien (CSV, XML, SDK, Entity Services), mais elles ne sont pas id\u00e9ales et ne prennent pas en charge toutes les actions [...]<\/p>","protected":false},"author":1,"featured_media":0,"parent":8333,"menu_order":0,"comment_status":"closed","ping_status":"closed","template":"elementor_header_footer","meta":{"footnotes":""},"class_list":["post-1830","page","type-page","status-publish","hentry"],"_links":{"self":[{"href":"https:\/\/www.clickker.nl\/fr\/wp-json\/wp\/v2\/pages\/1830","targetHints":{"allow":["GET"]}}],"collection":[{"href":"https:\/\/www.clickker.nl\/fr\/wp-json\/wp\/v2\/pages"}],"about":[{"href":"https:\/\/www.clickker.nl\/fr\/wp-json\/wp\/v2\/types\/page"}],"author":[{"embeddable":true,"href":"https:\/\/www.clickker.nl\/fr\/wp-json\/wp\/v2\/users\/1"}],"replies":[{"embeddable":true,"href":"https:\/\/www.clickker.nl\/fr\/wp-json\/wp\/v2\/comments?post=1830"}],"version-history":[{"count":135,"href":"https:\/\/www.clickker.nl\/fr\/wp-json\/wp\/v2\/pages\/1830\/revisions"}],"predecessor-version":[{"id":9833,"href":"https:\/\/www.clickker.nl\/fr\/wp-json\/wp\/v2\/pages\/1830\/revisions\/9833"}],"up":[{"embeddable":true,"href":"https:\/\/www.clickker.nl\/fr\/wp-json\/wp\/v2\/pages\/8333"}],"wp:attachment":[{"href":"https:\/\/www.clickker.nl\/fr\/wp-json\/wp\/v2\/media?parent=1830"}],"curies":[{"name":"wp","href":"https:\/\/api.w.org\/{rel}","templated":true}]}}