{"id":1692,"date":"2023-05-02T07:58:58","date_gmt":"2023-05-02T07:58:58","guid":{"rendered":"https:\/\/www.clickker.nl\/?page_id=1692"},"modified":"2023-07-10T12:13:49","modified_gmt":"2023-07-10T10:13:49","slug":"travailler-a","status":"publish","type":"page","link":"https:\/\/www.clickker.nl\/fr\/linformation\/travailler-a\/","title":{"rendered":"Travailler \u00e0"},"content":{"rendered":"<div data-elementor-type=\"wp-page\" data-elementor-id=\"1692\" class=\"elementor elementor-1692\" data-elementor-post-type=\"page\">\n\t\t\t\t<div class=\"elementor-element elementor-element-80b0270 e-flex e-con-boxed e-con e-parent\" data-id=\"80b0270\" data-element_type=\"container\" data-settings=\"{&quot;background_background&quot;:&quot;gradient&quot;}\">\n\t\t\t\t\t<div class=\"e-con-inner\">\n\t\t<div class=\"elementor-element elementor-element-1a2122c e-con-full e-flex e-con e-parent\" data-id=\"1a2122c\" data-element_type=\"container\">\n\t\t\t\t<div class=\"elementor-element elementor-element-82b38cf elementor-widget elementor-widget-shortcode\" data-id=\"82b38cf\" data-element_type=\"widget\" data-widget_type=\"shortcode.default\">\n\t\t\t\t<div class=\"elementor-widget-container\">\n\t\t\t\t\t\t\t<div class=\"elementor-shortcode\"><nav aria-label=\"chapelure\" class=\"rank-math-breadcrumb\"><p><span class=\"last\">Accueil<\/span><\/p><\/nav><\/div>\n\t\t\t\t\t\t<\/div>\n\t\t\t\t<\/div>\n\t\t\t\t<\/div>\n\t\t\t\t\t<\/div>\n\t\t\t\t<\/div>\n\t\t<div class=\"elementor-element elementor-element-7ac86ac e-flex e-con-boxed e-con e-parent\" data-id=\"7ac86ac\" data-element_type=\"container\">\n\t\t\t\t\t<div class=\"e-con-inner\">\n\t\t\t\t<div class=\"elementor-element elementor-element-35e30ca elementor-widget elementor-widget-spacer\" data-id=\"35e30ca\" data-element_type=\"widget\" data-widget_type=\"spacer.default\">\n\t\t\t\t<div class=\"elementor-widget-container\">\n\t\t\t\t\t\t\t<div class=\"elementor-spacer\">\n\t\t\t<div class=\"elementor-spacer-inner\"><\/div>\n\t\t<\/div>\n\t\t\t\t\t\t<\/div>\n\t\t\t\t<\/div>\n\t\t\t\t\t<\/div>\n\t\t\t\t<\/div>\n\t\t<div class=\"elementor-element elementor-element-117c8ae e-flex e-con-boxed e-con e-parent\" data-id=\"117c8ae\" data-element_type=\"container\">\n\t\t\t\t\t<div class=\"e-con-inner\">\n\t\t\t\t<div class=\"elementor-element elementor-element-6eed0d8 elementor-widget elementor-widget-heading\" data-id=\"6eed0d8\" data-element_type=\"widget\" data-widget_type=\"heading.default\">\n\t\t\t\t<div class=\"elementor-widget-container\">\n\t\t\t\t\t<h2 class=\"elementor-heading-title elementor-size-default\">Postes vacants<\/h2>\t\t\t\t<\/div>\n\t\t\t\t<\/div>\n\t\t\t\t\t<\/div>\n\t\t\t\t<\/div>\n\t\t<div class=\"elementor-element elementor-element-f8f6913 e-flex e-con-boxed e-con e-parent\" data-id=\"f8f6913\" data-element_type=\"container\">\n\t\t\t\t\t<div class=\"e-con-inner\">\n\t\t\t\t<div class=\"elementor-element elementor-element-4840713 elementor-widget__width-inherit elementor-widget-tablet__width-inherit elementor-widget-mobile__width-inherit elementor-widget elementor-widget-text-editor\" data-id=\"4840713\" data-element_type=\"widget\" data-widget_type=\"text-editor.default\">\n\t\t\t\t<div class=\"elementor-widget-container\">\n\t\t\t\t\t\t\t\t\t<p>Pour faire face \u00e0 cette croissance, nous vous recherchons. Si vous souhaitez \u00eatre le lien entre les applications web et le logiciel Exact (back office), vous allez \u00eatre combl\u00e9. Outre le d\u00e9veloppement d'un logiciel unique, il y a beaucoup de place pour votre propre contribution et vous serez impliqu\u00e9 dans l'ensemble du processus de d\u00e9veloppement, de la conception au d\u00e9ploiement chez le client. Dans ce poste stimulant et vari\u00e9, vous ferez partie d'une petite \u00e9quipe sp\u00e9cialis\u00e9e et travaillerez avec diff\u00e9rents clients. Vous aurez de nombreuses occasions d'acqu\u00e9rir de nouvelles comp\u00e9tences et de perfectionner les techniques existantes.<\/p><p>Pour plus d'informations concernant ce poste, veuillez contacter Sense Cloud B.V. au 0591 - 652400 et demander Gert Hiddes. Postuler directement ? Envoyez votre CV accompagn\u00e9 d'une courte motivation \u00e0\u00a0<a href=\"mailto:g.hiddes@sense-it.nl\">g.hiddes@sense-it.nl<\/a><\/p>\t\t\t\t\t\t\t\t<\/div>\n\t\t\t\t<\/div>\n\t\t\t\t\t<\/div>\n\t\t\t\t<\/div>\n\t\t<div class=\"elementor-element elementor-element-5790788 e-flex e-con-boxed e-con e-parent\" data-id=\"5790788\" data-element_type=\"container\" data-settings=\"{&quot;background_background&quot;:&quot;classic&quot;}\">\n\t\t\t\t\t<div class=\"e-con-inner\">\n\t\t\t\t<div class=\"elementor-element elementor-element-9541eb0 elementor-grid-3 elementor-grid-tablet-2 elementor-grid-mobile-1 elementor-widget elementor-widget-loop-grid\" data-id=\"9541eb0\" data-element_type=\"widget\" data-settings=\"{&quot;template_id&quot;:&quot;3882&quot;,&quot;_skin&quot;:&quot;post&quot;,&quot;columns&quot;:&quot;3&quot;,&quot;columns_tablet&quot;:&quot;2&quot;,&quot;columns_mobile&quot;:&quot;1&quot;,&quot;edit_handle_selector&quot;:&quot;[data-elementor-type=\\&quot;loop-item\\&quot;]&quot;,&quot;row_gap&quot;:{&quot;unit&quot;:&quot;px&quot;,&quot;size&quot;:&quot;&quot;,&quot;sizes&quot;:[]},&quot;row_gap_tablet&quot;:{&quot;unit&quot;:&quot;px&quot;,&quot;size&quot;:&quot;&quot;,&quot;sizes&quot;:[]},&quot;row_gap_mobile&quot;:{&quot;unit&quot;:&quot;px&quot;,&quot;size&quot;:&quot;&quot;,&quot;sizes&quot;:[]}}\" data-widget_type=\"loop-grid.post\">\n\t\t\t\t<div class=\"elementor-widget-container\">\n\t\t\t\t\t\t\t<div class=\"e-loop-nothing-found-message\">\n\t\t<\/div>\n\t\t\t\t\t\t<\/div>\n\t\t\t\t<\/div>\n\t\t\t\t\t<\/div>\n\t\t\t\t<\/div>\n\t\t\t\t<\/div>","protected":false},"excerpt":{"rendered":"<p>Openstaande vacatures Om de groei aan te kunnen zijn wij op zoek naar jou. Wil jij de schakel zijn tussen de webapplicaties en Exact software (backoffice), dan kun je bij ons je ei kwijt. Naast het ontwikkelen van unieke software is er veel ruimte voor eigen inbreng en ben je betrokken bij het gehele ontwikkelproces; [&hellip;]<\/p>","protected":false},"author":1,"featured_media":0,"parent":8335,"menu_order":0,"comment_status":"closed","ping_status":"closed","template":"","meta":{"footnotes":""},"class_list":["post-1692","page","type-page","status-publish","hentry"],"_links":{"self":[{"href":"https:\/\/www.clickker.nl\/fr\/wp-json\/wp\/v2\/pages\/1692","targetHints":{"allow":["GET"]}}],"collection":[{"href":"https:\/\/www.clickker.nl\/fr\/wp-json\/wp\/v2\/pages"}],"about":[{"href":"https:\/\/www.clickker.nl\/fr\/wp-json\/wp\/v2\/types\/page"}],"author":[{"embeddable":true,"href":"https:\/\/www.clickker.nl\/fr\/wp-json\/wp\/v2\/users\/1"}],"replies":[{"embeddable":true,"href":"https:\/\/www.clickker.nl\/fr\/wp-json\/wp\/v2\/comments?post=1692"}],"version-history":[{"count":23,"href":"https:\/\/www.clickker.nl\/fr\/wp-json\/wp\/v2\/pages\/1692\/revisions"}],"predecessor-version":[{"id":9830,"href":"https:\/\/www.clickker.nl\/fr\/wp-json\/wp\/v2\/pages\/1692\/revisions\/9830"}],"up":[{"embeddable":true,"href":"https:\/\/www.clickker.nl\/fr\/wp-json\/wp\/v2\/pages\/8335"}],"wp:attachment":[{"href":"https:\/\/www.clickker.nl\/fr\/wp-json\/wp\/v2\/media?parent=1692"}],"curies":[{"name":"wp","href":"https:\/\/api.w.org\/{rel}","templated":true}]}}