{"id":8053,"date":"2023-06-21T09:02:36","date_gmt":"2023-06-21T09:02:36","guid":{"rendered":"https:\/\/www.clickker.nl\/?page_id=8053"},"modified":"2025-05-28T15:22:49","modified_gmt":"2025-05-28T13:22:49","slug":"por-que-los-usuarios-finales-de-clicker","status":"publish","type":"page","link":"https:\/\/www.clickker.nl\/es\/para-usuarios-finales\/por-que-los-usuarios-finales-de-clicker\/","title":{"rendered":"\u00bfPor qu\u00e9 Clickker?"},"content":{"rendered":"<div data-elementor-type=\"wp-page\" data-elementor-id=\"8053\" class=\"elementor elementor-8053\" data-elementor-post-type=\"page\">\n\t\t\t\t<div class=\"elementor-element elementor-element-7074524 e-flex e-con-boxed e-con e-parent\" data-id=\"7074524\" data-element_type=\"container\" data-settings=\"{&quot;background_background&quot;:&quot;gradient&quot;}\">\n\t\t\t\t\t<div class=\"e-con-inner\">\n\t\t<div class=\"elementor-element elementor-element-eef6295 e-con-full e-flex e-con e-child\" data-id=\"eef6295\" data-element_type=\"container\">\n\t\t\t\t<div class=\"elementor-element elementor-element-c76ebb9 elementor-widget elementor-widget-shortcode\" data-id=\"c76ebb9\" data-element_type=\"widget\" data-widget_type=\"shortcode.default\">\n\t\t\t\t<div class=\"elementor-widget-container\">\n\t\t\t\t\t\t\t<div class=\"elementor-shortcode\"><nav aria-label=\"pan rallado\" class=\"rank-math-breadcrumb\"><p><span class=\"last\">Inicio<\/span><\/p><\/nav><\/div>\n\t\t\t\t\t\t<\/div>\n\t\t\t\t<\/div>\n\t\t\t\t<\/div>\n\t\t\t\t\t<\/div>\n\t\t\t\t<\/div>\n\t\t<div class=\"elementor-element elementor-element-e01f6a6 e-flex e-con-boxed e-con e-parent\" data-id=\"e01f6a6\" data-element_type=\"container\">\n\t\t\t\t\t<div class=\"e-con-inner\">\n\t\t\t\t<div class=\"elementor-element elementor-element-f6aab6d elementor-widget elementor-widget-spacer\" data-id=\"f6aab6d\" data-element_type=\"widget\" data-widget_type=\"spacer.default\">\n\t\t\t\t<div class=\"elementor-widget-container\">\n\t\t\t\t\t\t\t<div class=\"elementor-spacer\">\n\t\t\t<div class=\"elementor-spacer-inner\"><\/div>\n\t\t<\/div>\n\t\t\t\t\t\t<\/div>\n\t\t\t\t<\/div>\n\t\t\t\t\t<\/div>\n\t\t\t\t<\/div>\n\t\t<div class=\"elementor-element elementor-element-8f66f74 e-flex e-con-boxed e-con e-parent\" data-id=\"8f66f74\" data-element_type=\"container\">\n\t\t\t\t\t<div class=\"e-con-inner\">\n\t\t\t\t<div class=\"elementor-element elementor-element-60ebcf0 elementor-widget-tablet__width-inherit elementor-widget elementor-widget-heading\" data-id=\"60ebcf0\" data-element_type=\"widget\" data-widget_type=\"heading.default\">\n\t\t\t\t<div class=\"elementor-widget-container\">\n\t\t\t\t\t<h2 class=\"elementor-heading-title elementor-size-xl\">Todo Vinculado exacto<\/h2>\t\t\t\t<\/div>\n\t\t\t\t<\/div>\n\t\t\t\t\t<\/div>\n\t\t\t\t<\/div>\n\t\t<div class=\"elementor-element elementor-element-766bdb3 e-flex e-con-boxed e-con e-parent\" data-id=\"766bdb3\" data-element_type=\"container\">\n\t\t\t\t\t<div class=\"e-con-inner\">\n\t\t\t\t<div class=\"elementor-element elementor-element-f7cbe2c elementor-widget elementor-widget-text-editor\" data-id=\"f7cbe2c\" data-element_type=\"widget\" data-widget_type=\"text-editor.default\">\n\t\t\t\t<div class=\"elementor-widget-container\">\n\t\t\t\t\t\t\t\t\t<p>El mundo est\u00e1 cambiando r\u00e1pidamente. Para responder a ello, la tecnolog\u00eda inform\u00e1tica desempe\u00f1a un papel crucial. Hoy en d\u00eda no basta con un sistema ERP global.<\/p><h5><strong>Lo mejor de lo mejor<\/strong><\/h5><p>\u00bfQu\u00e9 significa aplicar la estrategia de \"lo mejor de lo mejor\" a su entorno de aplicaciones?<\/p><p>Best-of-breed significa elegir la mejor soluci\u00f3n de software (la m\u00e1s aplicable) para cada \u00e1rea de aplicaci\u00f3n.<\/p><p>Por ejemplo, una aplicaci\u00f3n CRM de un proveedor para su departamento de ventas y una aplicaci\u00f3n WMS para su almac\u00e9n de otro proveedor.<\/p><p>\u00bfCu\u00e1les son las implicaciones si decide aplicar una estrategia de este tipo?<\/p><p>Esto significa que, en la mayor\u00eda de los casos, dispondr\u00e1 de varias aplicaciones est\u00e1ndar en su entorno de aplicaciones. Estas aplicaciones deben integrarse entre s\u00ed. Y ah\u00ed es donde entra Clickker. Clickker garantiza que esto pueda hacerse de forma segura y r\u00e1pida. Para ello despliega una tecnolog\u00eda (hiperv\u00ednculo API REST) ampliamente utilizada en el mercado.<\/p><h5><strong>Esto permite a su organizaci\u00f3n beneficiarse de las siguientes ventajas:<\/strong><\/h5><ul><li>Normalizaci\u00f3n de las tareas exactas<\/li><li>Siempre al d\u00eda sin coste adicional<\/li><li>Apto para Exact Globe Next, Exact Globe+ y Exact Synergy<\/li><li>Barato una cantidad fija al mes<\/li><li>Posibilidad de aplicaci\u00f3n r\u00e1pida<\/li><li>Multidesplegable (varias aplicaciones por licencia Exact)<\/li><li>Flexibilidad para recuperar todo tipo de datos<\/li><li>Mucho menos depender de un asesor exacto.<\/li><\/ul><div>\u00a0<\/div><p>Y lo que es m\u00e1s importante, la combinaci\u00f3n de Clickker y Exact permite a su organizaci\u00f3n anticiparse r\u00e1pidamente a los cambios del mercado.<\/p><h5><strong>Esto es lo que todo el mundo quiere, \u00bfverdad?<\/strong><\/h5>\t\t\t\t\t\t\t\t<\/div>\n\t\t\t\t<\/div>\n\t\t\t\t\t<\/div>\n\t\t\t\t<\/div>\n\t\t<div class=\"elementor-element elementor-element-53058ed e-flex e-con-boxed e-con e-parent\" data-id=\"53058ed\" data-element_type=\"container\">\n\t\t\t\t\t<div class=\"e-con-inner\">\n\t\t\t\t<div class=\"elementor-element elementor-element-8b38812 elementor-widget elementor-widget-heading\" data-id=\"8b38812\" data-element_type=\"widget\" data-widget_type=\"heading.default\">\n\t\t\t\t<div class=\"elementor-widget-container\">\n\t\t\t\t\t<h2 class=\"elementor-heading-title elementor-size-default\">El siguiente v\u00eddeo explica el concepto de Clickker<\/h2>\t\t\t\t<\/div>\n\t\t\t\t<\/div>\n\t\t\t\t\t<\/div>\n\t\t\t\t<\/div>\n\t\t<div class=\"elementor-element elementor-element-d910a37 e-flex e-con-boxed e-con e-parent\" data-id=\"d910a37\" data-element_type=\"container\">\n\t\t\t\t\t<div class=\"e-con-inner\">\n\t\t\t\t<div class=\"elementor-element elementor-element-973c7a6 elementor-widget elementor-widget-video\" data-id=\"973c7a6\" data-element_type=\"widget\" data-settings=\"{&quot;video_type&quot;:&quot;vimeo&quot;}\" data-widget_type=\"video.default\">\n\t\t\t\t<div class=\"elementor-widget-container\">\n\t\t\t\t\t\t\t<div class=\"elementor-wrapper elementor-open-inline\">\n\t\t\t<iframe class=\"elementor-video-iframe\" allowfullscreen allow=\"clipboard-write\" title=\"reproductor de v\u00eddeo vimeo\" src=\"https:\/\/player.vimeo.com\/video\/836841972?color&amp;autopause=0&amp;loop=0&amp;muted=0&amp;title=0&amp;portrait=1&amp;byline=1#t=\"><\/iframe>\t\t<\/div>\n\t\t\t\t\t\t<\/div>\n\t\t\t\t<\/div>\n\t\t\t\t\t<\/div>\n\t\t\t\t<\/div>\n\t\t\t\t<\/div>","protected":false},"excerpt":{"rendered":"<p>Todo Exactamente vinculado El mundo cambia r\u00e1pidamente. Para responder a ello, la tecnolog\u00eda de la informaci\u00f3n desempe\u00f1a un papel crucial. Para ello, hoy en d\u00eda ya no basta con un sistema ERP global. Best-of-breed Cuando se aplica una estrategia \"best-of-breed\" a su entorno de aplicaciones, \u00bfqu\u00e9 significa eso? Best-of-breed significa que se utiliza la mejor [...]<\/p>","protected":false},"author":7,"featured_media":0,"parent":8331,"menu_order":0,"comment_status":"closed","ping_status":"closed","template":"elementor_header_footer","meta":{"footnotes":""},"class_list":["post-8053","page","type-page","status-publish","hentry"],"_links":{"self":[{"href":"https:\/\/www.clickker.nl\/es\/wp-json\/wp\/v2\/pages\/8053","targetHints":{"allow":["GET"]}}],"collection":[{"href":"https:\/\/www.clickker.nl\/es\/wp-json\/wp\/v2\/pages"}],"about":[{"href":"https:\/\/www.clickker.nl\/es\/wp-json\/wp\/v2\/types\/page"}],"author":[{"embeddable":true,"href":"https:\/\/www.clickker.nl\/es\/wp-json\/wp\/v2\/users\/7"}],"replies":[{"embeddable":true,"href":"https:\/\/www.clickker.nl\/es\/wp-json\/wp\/v2\/comments?post=8053"}],"version-history":[{"count":137,"href":"https:\/\/www.clickker.nl\/es\/wp-json\/wp\/v2\/pages\/8053\/revisions"}],"predecessor-version":[{"id":13832,"href":"https:\/\/www.clickker.nl\/es\/wp-json\/wp\/v2\/pages\/8053\/revisions\/13832"}],"up":[{"embeddable":true,"href":"https:\/\/www.clickker.nl\/es\/wp-json\/wp\/v2\/pages\/8331"}],"wp:attachment":[{"href":"https:\/\/www.clickker.nl\/es\/wp-json\/wp\/v2\/media?parent=8053"}],"curies":[{"name":"wp","href":"https:\/\/api.w.org\/{rel}","templated":true}]}}