{"id":1830,"date":"2023-05-02T08:01:23","date_gmt":"2023-05-02T08:01:23","guid":{"rendered":"https:\/\/www.clickker.nl\/?page_id=1830"},"modified":"2023-07-10T13:21:26","modified_gmt":"2023-07-10T11:21:26","slug":"por-que-los-desarrolladores-de-clicker","status":"publish","type":"page","link":"https:\/\/www.clickker.nl\/es\/para-desarrolladores\/por-que-los-desarrolladores-de-clicker\/","title":{"rendered":"\u00bfPor qu\u00e9 Clickker?"},"content":{"rendered":"<div data-elementor-type=\"wp-page\" data-elementor-id=\"1830\" class=\"elementor elementor-1830\" data-elementor-post-type=\"page\">\n\t\t\t\t<div class=\"elementor-element elementor-element-7074524 e-flex e-con-boxed e-con e-parent\" data-id=\"7074524\" data-element_type=\"container\" data-settings=\"{&quot;background_background&quot;:&quot;gradient&quot;}\">\n\t\t\t\t\t<div class=\"e-con-inner\">\n\t\t<div class=\"elementor-element elementor-element-eef6295 e-con-full e-flex e-con e-parent\" data-id=\"eef6295\" data-element_type=\"container\">\n\t\t\t\t<div class=\"elementor-element elementor-element-c76ebb9 elementor-widget elementor-widget-shortcode\" data-id=\"c76ebb9\" data-element_type=\"widget\" data-widget_type=\"shortcode.default\">\n\t\t\t\t<div class=\"elementor-widget-container\">\n\t\t\t\t\t\t\t<div class=\"elementor-shortcode\"><nav aria-label=\"pan rallado\" class=\"rank-math-breadcrumb\"><p><span class=\"last\">Inicio<\/span><\/p><\/nav><\/div>\n\t\t\t\t\t\t<\/div>\n\t\t\t\t<\/div>\n\t\t\t\t<\/div>\n\t\t\t\t\t<\/div>\n\t\t\t\t<\/div>\n\t\t<div class=\"elementor-element elementor-element-d993d0f e-flex e-con-boxed e-con e-parent\" data-id=\"d993d0f\" data-element_type=\"container\">\n\t\t\t\t\t<div class=\"e-con-inner\">\n\t\t\t\t<div class=\"elementor-element elementor-element-dd758bd elementor-widget elementor-widget-spacer\" data-id=\"dd758bd\" data-element_type=\"widget\" data-widget_type=\"spacer.default\">\n\t\t\t\t<div class=\"elementor-widget-container\">\n\t\t\t\t\t\t\t<div class=\"elementor-spacer\">\n\t\t\t<div class=\"elementor-spacer-inner\"><\/div>\n\t\t<\/div>\n\t\t\t\t\t\t<\/div>\n\t\t\t\t<\/div>\n\t\t\t\t\t<\/div>\n\t\t\t\t<\/div>\n\t\t<div class=\"elementor-element elementor-element-1437fdf e-flex e-con-boxed e-con e-parent\" data-id=\"1437fdf\" data-element_type=\"container\">\n\t\t\t\t\t<div class=\"e-con-inner\">\n\t\t\t\t<div class=\"elementor-element elementor-element-da6af28 elementor-widget elementor-widget-heading\" data-id=\"da6af28\" data-element_type=\"widget\" data-widget_type=\"heading.default\">\n\t\t\t\t<div class=\"elementor-widget-container\">\n\t\t\t\t\t<h2 class=\"elementor-heading-title elementor-size-default\">La soluci\u00f3n API para Exact Software<\/h2>\t\t\t\t<\/div>\n\t\t\t\t<\/div>\n\t\t\t\t\t<\/div>\n\t\t\t\t<\/div>\n\t\t<div class=\"elementor-element elementor-element-766bdb3 e-flex e-con-boxed e-con e-parent\" data-id=\"766bdb3\" data-element_type=\"container\">\n\t\t\t\t\t<div class=\"e-con-inner\">\n\t\t\t\t<div class=\"elementor-element elementor-element-f7cbe2c elementor-widget elementor-widget-text-editor\" data-id=\"f7cbe2c\" data-element_type=\"widget\" data-widget_type=\"text-editor.default\">\n\t\t\t\t<div class=\"elementor-widget-container\">\n\t\t\t\t\t\t\t\t\t<h5><strong>EL RETO<\/strong><\/h5><p>La vinculaci\u00f3n con el software de Exact, especialmente Exact Globe, es un reto debido a la falta de una API externa. Hay varios m\u00e9todos disponibles dentro de Exact Globe para enlazar (CSV, XML, SDK, Entity Services), pero no son ideales y no admiten todas las acciones dentro de Exact. Esto lo hace m\u00e1s complejo.<\/p><h5><strong><span style=\"color: #2b2c60; text-align: center;\">LA SOLUCI\u00d3N<\/span><\/strong><\/h5><p>Para hacer frente a estos retos, hemos desarrollado Clickker. Con Clickker, dispones de un \u00fanico punto de contacto para todas las acciones y ya no tienes que averiguar qu\u00e9 es posible por tu cuenta. Tenemos un buen <a href=\"https:\/\/demo-api.clickker.nl\/swagger\" target=\"_blank\" rel=\"noopener\">documentado<\/a> API REST desarrollada para Exact Globe, lo que facilita la integraci\u00f3n. Tambi\u00e9n prestamos mucha atenci\u00f3n al registro para encontrar r\u00e1pidamente cualquier error.<\/p><p>Clickker trabaja con una conexi\u00f3n segura (HTTPS) y ofrece la posibilidad de asignar un puerto espec\u00edfico dentro de IIS. <br \/>La principal ventaja es que Clickker le permite establecer su propia conexi\u00f3n, sin <a href=\"https:\/\/www.clickker.nl\/es\/base_de_conocimientos\/api-limieten-exact-online\/\">l\u00edmites restrictivos<\/a> como es el caso de Exact Online.<\/p>\t\t\t\t\t\t\t\t<\/div>\n\t\t\t\t<\/div>\n\t\t\t\t\t<\/div>\n\t\t\t\t<\/div>\n\t\t<div class=\"elementor-element elementor-element-902105c e-flex e-con-boxed e-con e-parent\" data-id=\"902105c\" data-element_type=\"container\">\n\t\t\t\t\t<div class=\"e-con-inner\">\n\t\t\t\t<div class=\"elementor-element elementor-element-0b7f2c2 elementor-widget elementor-widget-image\" data-id=\"0b7f2c2\" data-element_type=\"widget\" data-widget_type=\"image.default\">\n\t\t\t\t<div class=\"elementor-widget-container\">\n\t\t\t\t\t\t\t\t\t\t\t\t\t\t\t<img fetchpriority=\"high\" decoding=\"async\" width=\"800\" height=\"444\" src=\"https:\/\/www.clickker.nl\/wp-content\/uploads\/2023\/06\/schema-1024x568.png\" class=\"attachment-large size-large wp-image-7924\" alt=\"\" srcset=\"https:\/\/www.clickker.nl\/wp-content\/uploads\/2023\/06\/schema-1024x568.png 1024w, https:\/\/www.clickker.nl\/wp-content\/uploads\/2023\/06\/schema-300x166.png 300w, https:\/\/www.clickker.nl\/wp-content\/uploads\/2023\/06\/schema-768x426.png 768w, https:\/\/www.clickker.nl\/wp-content\/uploads\/2023\/06\/schema-1536x851.png 1536w, https:\/\/www.clickker.nl\/wp-content\/uploads\/2023\/06\/schema.png 1705w\" sizes=\"(max-width: 800px) 100vw, 800px\">\t\t\t\t\t\t\t\t\t\t\t\t\t\t\t<\/div>\n\t\t\t\t<\/div>\n\t\t\t\t\t<\/div>\n\t\t\t\t<\/div>\n\t\t\t\t<\/div>","protected":false},"excerpt":{"rendered":"<p>La soluci\u00f3n API para Exact Software EL RETO La vinculaci\u00f3n con el software de Exact, especialmente Exact Globe, supone un reto debido a la falta de una API externa. Existen varios m\u00e9todos disponibles dentro de Exact Globe para vincular (CSV, XML, SDK, Entity Services), pero no son ideales y no admiten todas las acciones [...].<\/p>","protected":false},"author":1,"featured_media":0,"parent":8333,"menu_order":0,"comment_status":"closed","ping_status":"closed","template":"elementor_header_footer","meta":{"footnotes":""},"class_list":["post-1830","page","type-page","status-publish","hentry"],"_links":{"self":[{"href":"https:\/\/www.clickker.nl\/es\/wp-json\/wp\/v2\/pages\/1830","targetHints":{"allow":["GET"]}}],"collection":[{"href":"https:\/\/www.clickker.nl\/es\/wp-json\/wp\/v2\/pages"}],"about":[{"href":"https:\/\/www.clickker.nl\/es\/wp-json\/wp\/v2\/types\/page"}],"author":[{"embeddable":true,"href":"https:\/\/www.clickker.nl\/es\/wp-json\/wp\/v2\/users\/1"}],"replies":[{"embeddable":true,"href":"https:\/\/www.clickker.nl\/es\/wp-json\/wp\/v2\/comments?post=1830"}],"version-history":[{"count":135,"href":"https:\/\/www.clickker.nl\/es\/wp-json\/wp\/v2\/pages\/1830\/revisions"}],"predecessor-version":[{"id":9833,"href":"https:\/\/www.clickker.nl\/es\/wp-json\/wp\/v2\/pages\/1830\/revisions\/9833"}],"up":[{"embeddable":true,"href":"https:\/\/www.clickker.nl\/es\/wp-json\/wp\/v2\/pages\/8333"}],"wp:attachment":[{"href":"https:\/\/www.clickker.nl\/es\/wp-json\/wp\/v2\/media?parent=1830"}],"curies":[{"name":"wp","href":"https:\/\/api.w.org\/{rel}","templated":true}]}}