{"id":1692,"date":"2023-05-02T07:58:58","date_gmt":"2023-05-02T07:58:58","guid":{"rendered":"https:\/\/www.clickker.nl\/?page_id=1692"},"modified":"2023-07-10T12:13:49","modified_gmt":"2023-07-10T10:13:49","slug":"trabajar-en","status":"publish","type":"page","link":"https:\/\/www.clickker.nl\/es\/informacion\/trabajar-en\/","title":{"rendered":"Trabajar en"},"content":{"rendered":"<div data-elementor-type=\"wp-page\" data-elementor-id=\"1692\" class=\"elementor elementor-1692\" data-elementor-post-type=\"page\">\n\t\t\t\t<div class=\"elementor-element elementor-element-80b0270 e-flex e-con-boxed e-con e-parent\" data-id=\"80b0270\" data-element_type=\"container\" data-settings=\"{&quot;background_background&quot;:&quot;gradient&quot;}\">\n\t\t\t\t\t<div class=\"e-con-inner\">\n\t\t<div class=\"elementor-element elementor-element-1a2122c e-con-full e-flex e-con e-parent\" data-id=\"1a2122c\" data-element_type=\"container\">\n\t\t\t\t<div class=\"elementor-element elementor-element-82b38cf elementor-widget elementor-widget-shortcode\" data-id=\"82b38cf\" data-element_type=\"widget\" data-widget_type=\"shortcode.default\">\n\t\t\t\t<div class=\"elementor-widget-container\">\n\t\t\t\t\t\t\t<div class=\"elementor-shortcode\"><nav aria-label=\"pan rallado\" class=\"rank-math-breadcrumb\"><p><span class=\"last\">Inicio<\/span><\/p><\/nav><\/div>\n\t\t\t\t\t\t<\/div>\n\t\t\t\t<\/div>\n\t\t\t\t<\/div>\n\t\t\t\t\t<\/div>\n\t\t\t\t<\/div>\n\t\t<div class=\"elementor-element elementor-element-7ac86ac e-flex e-con-boxed e-con e-parent\" data-id=\"7ac86ac\" data-element_type=\"container\">\n\t\t\t\t\t<div class=\"e-con-inner\">\n\t\t\t\t<div class=\"elementor-element elementor-element-35e30ca elementor-widget elementor-widget-spacer\" data-id=\"35e30ca\" data-element_type=\"widget\" data-widget_type=\"spacer.default\">\n\t\t\t\t<div class=\"elementor-widget-container\">\n\t\t\t\t\t\t\t<div class=\"elementor-spacer\">\n\t\t\t<div class=\"elementor-spacer-inner\"><\/div>\n\t\t<\/div>\n\t\t\t\t\t\t<\/div>\n\t\t\t\t<\/div>\n\t\t\t\t\t<\/div>\n\t\t\t\t<\/div>\n\t\t<div class=\"elementor-element elementor-element-117c8ae e-flex e-con-boxed e-con e-parent\" data-id=\"117c8ae\" data-element_type=\"container\">\n\t\t\t\t\t<div class=\"e-con-inner\">\n\t\t\t\t<div class=\"elementor-element elementor-element-6eed0d8 elementor-widget elementor-widget-heading\" data-id=\"6eed0d8\" data-element_type=\"widget\" data-widget_type=\"heading.default\">\n\t\t\t\t<div class=\"elementor-widget-container\">\n\t\t\t\t\t<h2 class=\"elementor-heading-title elementor-size-default\">Puestos vacantes<\/h2>\t\t\t\t<\/div>\n\t\t\t\t<\/div>\n\t\t\t\t\t<\/div>\n\t\t\t\t<\/div>\n\t\t<div class=\"elementor-element elementor-element-f8f6913 e-flex e-con-boxed e-con e-parent\" data-id=\"f8f6913\" data-element_type=\"container\">\n\t\t\t\t\t<div class=\"e-con-inner\">\n\t\t\t\t<div class=\"elementor-element elementor-element-4840713 elementor-widget__width-inherit elementor-widget-tablet__width-inherit elementor-widget-mobile__width-inherit elementor-widget elementor-widget-text-editor\" data-id=\"4840713\" data-element_type=\"widget\" data-widget_type=\"text-editor.default\">\n\t\t\t\t<div class=\"elementor-widget-container\">\n\t\t\t\t\t\t\t\t\t<p>Para hacer frente al crecimiento, te estamos buscando. Si quieres ser el nexo de uni\u00f3n entre las aplicaciones web y el software Exact (back office), est\u00e1s de suerte. Adem\u00e1s de desarrollar un software \u00fanico, hay mucho espacio para tu propia aportaci\u00f3n y participar\u00e1s en todo el proceso de desarrollo, desde el dise\u00f1o hasta la puesta en marcha para el cliente. En este puesto desafiante y variado, formar\u00e1 parte de un equipo peque\u00f1o y especializado y trabajar\u00e1 con varios clientes. Tendr\u00e1 muchas oportunidades de aprender nuevas habilidades y perfeccionar las t\u00e9cnicas existentes.<\/p><p>Para m\u00e1s informaci\u00f3n sobre esta vacante, p\u00f3ngase en contacto con Sense Cloud B.V. en el 0591 - 652400 y pregunte por Gert Hiddes. \u00bfDesea presentar su candidatura directamente? Env\u00ede su CV con una breve motivaci\u00f3n a\u00a0<a href=\"mailto:g.hiddes@sense-it.nl\">g.hiddes@sense-it.nl<\/a><\/p>\t\t\t\t\t\t\t\t<\/div>\n\t\t\t\t<\/div>\n\t\t\t\t\t<\/div>\n\t\t\t\t<\/div>\n\t\t<div class=\"elementor-element elementor-element-5790788 e-flex e-con-boxed e-con e-parent\" data-id=\"5790788\" data-element_type=\"container\" data-settings=\"{&quot;background_background&quot;:&quot;classic&quot;}\">\n\t\t\t\t\t<div class=\"e-con-inner\">\n\t\t\t\t<div class=\"elementor-element elementor-element-9541eb0 elementor-grid-3 elementor-grid-tablet-2 elementor-grid-mobile-1 elementor-widget elementor-widget-loop-grid\" data-id=\"9541eb0\" data-element_type=\"widget\" data-settings=\"{&quot;template_id&quot;:&quot;3882&quot;,&quot;_skin&quot;:&quot;post&quot;,&quot;columns&quot;:&quot;3&quot;,&quot;columns_tablet&quot;:&quot;2&quot;,&quot;columns_mobile&quot;:&quot;1&quot;,&quot;edit_handle_selector&quot;:&quot;[data-elementor-type=\\&quot;loop-item\\&quot;]&quot;,&quot;row_gap&quot;:{&quot;unit&quot;:&quot;px&quot;,&quot;size&quot;:&quot;&quot;,&quot;sizes&quot;:[]},&quot;row_gap_tablet&quot;:{&quot;unit&quot;:&quot;px&quot;,&quot;size&quot;:&quot;&quot;,&quot;sizes&quot;:[]},&quot;row_gap_mobile&quot;:{&quot;unit&quot;:&quot;px&quot;,&quot;size&quot;:&quot;&quot;,&quot;sizes&quot;:[]}}\" data-widget_type=\"loop-grid.post\">\n\t\t\t\t<div class=\"elementor-widget-container\">\n\t\t\t\t\t\t\t<div class=\"e-loop-nothing-found-message\">\n\t\t<\/div>\n\t\t\t\t\t\t<\/div>\n\t\t\t\t<\/div>\n\t\t\t\t\t<\/div>\n\t\t\t\t<\/div>\n\t\t\t\t<\/div>","protected":false},"excerpt":{"rendered":"<p>Vacantes abiertas Para hacer frente al crecimiento, te estamos buscando. Si quieres ser el nexo de uni\u00f3n entre las aplicaciones web y el software Exact (back office), est\u00e1s de suerte. Adem\u00e1s de desarrollar un software \u00fanico, hay mucho espacio para tu propia aportaci\u00f3n y participar\u00e1s en todo el proceso de desarrollo; [...]<\/p>","protected":false},"author":1,"featured_media":0,"parent":8335,"menu_order":0,"comment_status":"closed","ping_status":"closed","template":"","meta":{"footnotes":""},"class_list":["post-1692","page","type-page","status-publish","hentry"],"_links":{"self":[{"href":"https:\/\/www.clickker.nl\/es\/wp-json\/wp\/v2\/pages\/1692","targetHints":{"allow":["GET"]}}],"collection":[{"href":"https:\/\/www.clickker.nl\/es\/wp-json\/wp\/v2\/pages"}],"about":[{"href":"https:\/\/www.clickker.nl\/es\/wp-json\/wp\/v2\/types\/page"}],"author":[{"embeddable":true,"href":"https:\/\/www.clickker.nl\/es\/wp-json\/wp\/v2\/users\/1"}],"replies":[{"embeddable":true,"href":"https:\/\/www.clickker.nl\/es\/wp-json\/wp\/v2\/comments?post=1692"}],"version-history":[{"count":23,"href":"https:\/\/www.clickker.nl\/es\/wp-json\/wp\/v2\/pages\/1692\/revisions"}],"predecessor-version":[{"id":9830,"href":"https:\/\/www.clickker.nl\/es\/wp-json\/wp\/v2\/pages\/1692\/revisions\/9830"}],"up":[{"embeddable":true,"href":"https:\/\/www.clickker.nl\/es\/wp-json\/wp\/v2\/pages\/8335"}],"wp:attachment":[{"href":"https:\/\/www.clickker.nl\/es\/wp-json\/wp\/v2\/media?parent=1692"}],"curies":[{"name":"wp","href":"https:\/\/api.w.org\/{rel}","templated":true}]}}