{"id":13661,"date":"2025-04-25T13:09:47","date_gmt":"2025-04-25T11:09:47","guid":{"rendered":"https:\/\/www.clickker.nl\/?page_id=13661"},"modified":"2025-04-25T13:16:11","modified_gmt":"2025-04-25T11:16:11","slug":"pagina-de-muestra-para-duplicar","status":"publish","type":"page","link":"https:\/\/www.clickker.nl\/es\/pagina-de-muestra-para-duplicar\/","title":{"rendered":"Ejemplo de p\u00e1gina para duplicar"},"content":{"rendered":"<div data-elementor-type=\"wp-page\" data-elementor-id=\"13661\" class=\"elementor elementor-13661\" data-elementor-post-type=\"page\">\n\t\t\t\t<div class=\"elementor-element elementor-element-67fb61c e-flex e-con-boxed e-con e-parent\" data-id=\"67fb61c\" data-element_type=\"container\" data-settings=\"{&quot;background_background&quot;:&quot;gradient&quot;}\">\n\t\t\t\t\t<div class=\"e-con-inner\">\n\t\t<div class=\"elementor-element elementor-element-295e075 e-con-full e-flex e-con e-child\" data-id=\"295e075\" data-element_type=\"container\">\n\t\t\t\t<div class=\"elementor-element elementor-element-cb8130e elementor-widget elementor-widget-shortcode\" data-id=\"cb8130e\" data-element_type=\"widget\" data-widget_type=\"shortcode.default\">\n\t\t\t\t<div class=\"elementor-widget-container\">\n\t\t\t\t\t\t\t<div class=\"elementor-shortcode\"><nav aria-label=\"pan rallado\" class=\"rank-math-breadcrumb\"><p><span class=\"last\">Inicio<\/span><\/p><\/nav><\/div>\n\t\t\t\t\t\t<\/div>\n\t\t\t\t<\/div>\n\t\t\t\t<\/div>\n\t\t\t\t\t<\/div>\n\t\t\t\t<\/div>\n\t\t<div class=\"elementor-element elementor-element-32576ca e-flex e-con-boxed e-con e-parent\" data-id=\"32576ca\" data-element_type=\"container\">\n\t\t\t\t\t<div class=\"e-con-inner\">\n\t\t<div class=\"elementor-element elementor-element-776e524 e-con-full e-flex e-con e-child\" data-id=\"776e524\" data-element_type=\"container\">\n\t\t\t\t<div class=\"elementor-element elementor-element-5010b79 elementor-widget elementor-widget-image\" data-id=\"5010b79\" data-element_type=\"widget\" data-widget_type=\"image.default\">\n\t\t\t\t<div class=\"elementor-widget-container\">\n\t\t\t\t\t\t\t\t\t\t\t\t\t\t\t<img fetchpriority=\"high\" decoding=\"async\" width=\"388\" height=\"130\" src=\"https:\/\/www.clickker.nl\/wp-content\/uploads\/2023\/07\/Qube.png\" class=\"attachment-large size-large wp-image-9415\" alt=\"\" srcset=\"https:\/\/www.clickker.nl\/wp-content\/uploads\/2023\/07\/Qube.png 388w, https:\/\/www.clickker.nl\/wp-content\/uploads\/2023\/07\/Qube-300x101.png 300w\" sizes=\"(max-width: 388px) 100vw, 388px\">\t\t\t\t\t\t\t\t\t\t\t\t\t\t\t<\/div>\n\t\t\t\t<\/div>\n\t\t\t\t<\/div>\n\t\t<div class=\"elementor-element elementor-element-c79eaf0 e-con-full e-flex e-con e-child\" data-id=\"c79eaf0\" data-element_type=\"container\">\n\t\t\t\t<div class=\"elementor-element elementor-element-f752cec elementor-widget elementor-widget-image\" data-id=\"f752cec\" data-element_type=\"widget\" data-widget_type=\"image.default\">\n\t\t\t\t<div class=\"elementor-widget-container\">\n\t\t\t\t\t\t\t\t\t\t\t\t\t\t\t<img decoding=\"async\" width=\"800\" height=\"302\" src=\"https:\/\/www.clickker.nl\/wp-content\/uploads\/2023\/06\/TCC-1024x387.png\" class=\"attachment-large size-large wp-image-7498\" alt=\"\" srcset=\"https:\/\/www.clickker.nl\/wp-content\/uploads\/2023\/06\/TCC-1024x387.png 1024w, https:\/\/www.clickker.nl\/wp-content\/uploads\/2023\/06\/TCC-300x113.png 300w, https:\/\/www.clickker.nl\/wp-content\/uploads\/2023\/06\/TCC-768x290.png 768w, https:\/\/www.clickker.nl\/wp-content\/uploads\/2023\/06\/TCC-1536x580.png 1536w, https:\/\/www.clickker.nl\/wp-content\/uploads\/2023\/06\/TCC.png 2048w\" sizes=\"(max-width: 800px) 100vw, 800px\">\t\t\t\t\t\t\t\t\t\t\t\t\t\t\t<\/div>\n\t\t\t\t<\/div>\n\t\t\t\t<\/div>\n\t\t<div class=\"elementor-element elementor-element-bf3e741 e-con-full e-flex e-con e-child\" data-id=\"bf3e741\" data-element_type=\"container\">\n\t\t\t\t<div class=\"elementor-element elementor-element-f420522 elementor-widget elementor-widget-image\" data-id=\"f420522\" data-element_type=\"widget\" data-widget_type=\"image.default\">\n\t\t\t\t<div class=\"elementor-widget-container\">\n\t\t\t\t\t\t\t\t\t\t\t\t\t\t\t<img decoding=\"async\" width=\"358\" height=\"141\" src=\"https:\/\/www.clickker.nl\/wp-content\/uploads\/2023\/06\/pca.png\" class=\"attachment-large size-large wp-image-8173\" alt=\"\" srcset=\"https:\/\/www.clickker.nl\/wp-content\/uploads\/2023\/06\/pca.png 358w, https:\/\/www.clickker.nl\/wp-content\/uploads\/2023\/06\/pca-300x118.png 300w\" sizes=\"(max-width: 358px) 100vw, 358px\">\t\t\t\t\t\t\t\t\t\t\t\t\t\t\t<\/div>\n\t\t\t\t<\/div>\n\t\t\t\t<\/div>\n\t\t<div class=\"elementor-element elementor-element-1ad992c e-con-full e-flex e-con e-child\" data-id=\"1ad992c\" data-element_type=\"container\">\n\t\t\t\t<div class=\"elementor-element elementor-element-878fcb1 elementor-widget elementor-widget-text-editor\" data-id=\"878fcb1\" data-element_type=\"widget\" data-widget_type=\"text-editor.default\">\n\t\t\t\t<div class=\"elementor-widget-container\">\n\t\t\t\t\t\t\t\t\t<p>Trabajar de forma m\u00e1s inteligente utilizando las TIC con inventiva. Soluciones TIC que se adaptan a su organizaci\u00f3n y no al rev\u00e9s. Hacer m\u00e1s en menos tiempo, a menor coste y con m\u00e1s diversi\u00f3n. Eso es lo que entendemos por A Smart Move.<\/p>\t\t\t\t\t\t\t\t<\/div>\n\t\t\t\t<\/div>\n\t\t\t\t<\/div>\n\t\t<div class=\"elementor-element elementor-element-06cfe94 e-con-full e-flex e-con e-child\" data-id=\"06cfe94\" data-element_type=\"container\">\n\t\t\t\t<div class=\"elementor-element elementor-element-ef8ab6d elementor-widget elementor-widget-text-editor\" data-id=\"ef8ab6d\" data-element_type=\"widget\" data-widget_type=\"text-editor.default\">\n\t\t\t\t<div class=\"elementor-widget-container\">\n\t\t\t\t\t\t\t\t\t<p>Estrecha colaboraci\u00f3n con nuestros clientes. Por eso nos esforzamos a diario por implantar soluciones que satisfagan todas las necesidades. Ponemos orden en el caos del complejo panorama de las TI. Adem\u00e1s, TCC ofrece un amplio aspecto de Soluciones Empresariales, desde ambas oficinas.<\/p>\t\t\t\t\t\t\t\t<\/div>\n\t\t\t\t<\/div>\n\t\t\t\t<\/div>\n\t\t<div class=\"elementor-element elementor-element-2decc26 e-con-full e-flex e-con e-child\" data-id=\"2decc26\" data-element_type=\"container\">\n\t\t\t\t<div class=\"elementor-element elementor-element-aa51efd elementor-widget elementor-widget-text-editor\" data-id=\"aa51efd\" data-element_type=\"widget\" data-widget_type=\"text-editor.default\">\n\t\t\t\t<div class=\"elementor-widget-container\">\n\t\t\t\t\t\t\t\t\t<p>PCA respira alta tecnolog\u00eda, es nuestra base. Desarrollamos nuestro software cada d\u00eda, sencillamente internamente, desde Raalte. Nuestro equipo est\u00e1 formado por 35 personas y est\u00e1n en constante movimiento. Ventas, soporte, desarrolladores; todo para ofrecer al cliente un valor a\u00f1adido.<\/p>\t\t\t\t\t\t\t\t<\/div>\n\t\t\t\t<\/div>\n\t\t\t\t<\/div>\n\t\t\t\t\t<\/div>\n\t\t\t\t<\/div>\n\t\t<div class=\"elementor-element elementor-element-0ae34ee e-flex e-con-boxed e-con e-parent\" data-id=\"0ae34ee\" data-element_type=\"container\">\n\t\t\t\t\t<div class=\"e-con-inner\">\n\t\t<div class=\"elementor-element elementor-element-1de1b26 e-con-full e-flex e-con e-child\" data-id=\"1de1b26\" data-element_type=\"container\">\n\t\t\t\t<div class=\"elementor-element elementor-element-501a553 elementor-widget elementor-widget-image\" data-id=\"501a553\" data-element_type=\"widget\" data-widget_type=\"image.default\">\n\t\t\t\t<div class=\"elementor-widget-container\">\n\t\t\t\t\t\t\t\t\t\t\t\t\t\t\t<img decoding=\"async\" src=\"https:\/\/www.clickker.nl\/wp-content\/plugins\/elementor\/assets\/images\/placeholder.png\" title=\"\" alt=\"\" loading=\"lazy\">\t\t\t\t\t\t\t\t\t\t\t\t\t\t\t<\/div>\n\t\t\t\t<\/div>\n\t\t\t\t<\/div>\n\t\t<div class=\"elementor-element elementor-element-f56f67c e-con-full e-flex e-con e-child\" data-id=\"f56f67c\" data-element_type=\"container\">\n\t\t\t\t<div class=\"elementor-element elementor-element-308d575 elementor-widget elementor-widget-image\" data-id=\"308d575\" data-element_type=\"widget\" data-widget_type=\"image.default\">\n\t\t\t\t<div class=\"elementor-widget-container\">\n\t\t\t\t\t\t\t\t\t\t\t\t\t\t\t<img decoding=\"async\" src=\"https:\/\/www.clickker.nl\/wp-content\/plugins\/elementor\/assets\/images\/placeholder.png\" title=\"\" alt=\"\" loading=\"lazy\">\t\t\t\t\t\t\t\t\t\t\t\t\t\t\t<\/div>\n\t\t\t\t<\/div>\n\t\t\t\t<\/div>\n\t\t<div class=\"elementor-element elementor-element-c298c45 e-con-full e-flex e-con e-child\" data-id=\"c298c45\" data-element_type=\"container\">\n\t\t\t\t<div class=\"elementor-element elementor-element-2cd7976 elementor-widget elementor-widget-image\" data-id=\"2cd7976\" data-element_type=\"widget\" data-widget_type=\"image.default\">\n\t\t\t\t<div class=\"elementor-widget-container\">\n\t\t\t\t\t\t\t\t\t\t\t\t\t\t\t<img decoding=\"async\" src=\"https:\/\/www.clickker.nl\/wp-content\/plugins\/elementor\/assets\/images\/placeholder.png\" title=\"\" alt=\"\" loading=\"lazy\">\t\t\t\t\t\t\t\t\t\t\t\t\t\t\t<\/div>\n\t\t\t\t<\/div>\n\t\t\t\t<\/div>\n\t\t<div class=\"elementor-element elementor-element-8943037 e-con-full e-flex e-con e-child\" data-id=\"8943037\" data-element_type=\"container\">\n\t\t\t\t<div class=\"elementor-element elementor-element-2218500 elementor-widget elementor-widget-text-editor\" data-id=\"2218500\" data-element_type=\"widget\" data-widget_type=\"text-editor.default\">\n\t\t\t\t<div class=\"elementor-widget-container\">\n\t\t\t\t\t\t\t\t\t<p>Mandrino significa \"eje\" o \"pivote\" en italiano, y eso es exactamente lo que pretendemos ser. Con enlaces inteligentes y experiencia en automatizaci\u00f3n del marketing, hacemos posibles campa\u00f1as eficaces. Mandrino es el eslab\u00f3n inteligente de su marketing.<\/p>\t\t\t\t\t\t\t\t<\/div>\n\t\t\t\t<\/div>\n\t\t\t\t<\/div>\n\t\t<div class=\"elementor-element elementor-element-84f3659 e-con-full e-flex e-con e-child\" data-id=\"84f3659\" data-element_type=\"container\">\n\t\t\t\t<div class=\"elementor-element elementor-element-f1a6ec1 elementor-widget elementor-widget-text-editor\" data-id=\"f1a6ec1\" data-element_type=\"widget\" data-widget_type=\"text-editor.default\">\n\t\t\t\t<div class=\"elementor-widget-container\">\n\t\t\t\t\t\t\t\t\t<p>Somos f\u00e9rreos conocedores de las industrias del comercio, la fabricaci\u00f3n y los servicios. Nuestros a\u00f1os de experiencia en estas industrias nos han proporcionado amplios conocimientos. Seguimos de cerca los avances y las tendencias. Esto nos convierte en el socio ideal para las empresas que quieren seguir desarroll\u00e1ndose y creciendo en un mercado en constante cambio.<\/p>\t\t\t\t\t\t\t\t<\/div>\n\t\t\t\t<\/div>\n\t\t\t\t<\/div>\n\t\t<div class=\"elementor-element elementor-element-30f2767 e-con-full e-flex e-con e-child\" data-id=\"30f2767\" data-element_type=\"container\">\n\t\t\t\t<div class=\"elementor-element elementor-element-5fd48e5 elementor-widget elementor-widget-text-editor\" data-id=\"5fd48e5\" data-element_type=\"widget\" data-widget_type=\"text-editor.default\">\n\t\t\t\t<div class=\"elementor-widget-container\">\n\t\t\t\t\t\t\t\t\t<p>Fluent IT cree que incluso en esta era de posibilidades tecnol\u00f3gicas aparentemente ilimitadas, las personas marcan la diferencia. Las TIC no son un objetivo, sino una herramienta. Por ello, nuestro enfoque no se centra en la tecnolog\u00eda, sino en las personas. Configuramos los sistemas de tal manera que las tareas administrativas se automatizan en la medida de lo posible, lo que permite a los empleados centrarse en aquellas tareas en las que las personas pueden marcar la diferencia.<\/p>\t\t\t\t\t\t\t\t<\/div>\n\t\t\t\t<\/div>\n\t\t\t\t<\/div>\n\t\t\t\t\t<\/div>\n\t\t\t\t<\/div>\n\t\t\t\t<\/div>","protected":false},"excerpt":{"rendered":"<p>Slimmer werken door ICT op een inventieve manier in te zetten. ICT-oplossingen die zich aanpassen aan je organisatie in plaats van andersom. Meer doen in minder tijd, tegen lagere kosten en met meer plezier. Dat is wat we bedoelen met A Smart Move. Nauwe samenwerking met onze klanten. Daarom streven wij dagelijks naar het implementeren [&hellip;]<\/p>","protected":false},"author":7,"featured_media":0,"parent":0,"menu_order":0,"comment_status":"closed","ping_status":"closed","template":"","meta":{"footnotes":""},"class_list":["post-13661","page","type-page","status-publish","hentry"],"_links":{"self":[{"href":"https:\/\/www.clickker.nl\/es\/wp-json\/wp\/v2\/pages\/13661","targetHints":{"allow":["GET"]}}],"collection":[{"href":"https:\/\/www.clickker.nl\/es\/wp-json\/wp\/v2\/pages"}],"about":[{"href":"https:\/\/www.clickker.nl\/es\/wp-json\/wp\/v2\/types\/page"}],"author":[{"embeddable":true,"href":"https:\/\/www.clickker.nl\/es\/wp-json\/wp\/v2\/users\/7"}],"replies":[{"embeddable":true,"href":"https:\/\/www.clickker.nl\/es\/wp-json\/wp\/v2\/comments?post=13661"}],"version-history":[{"count":9,"href":"https:\/\/www.clickker.nl\/es\/wp-json\/wp\/v2\/pages\/13661\/revisions"}],"predecessor-version":[{"id":13670,"href":"https:\/\/www.clickker.nl\/es\/wp-json\/wp\/v2\/pages\/13661\/revisions\/13670"}],"wp:attachment":[{"href":"https:\/\/www.clickker.nl\/es\/wp-json\/wp\/v2\/media?parent=13661"}],"curies":[{"name":"wp","href":"https:\/\/api.w.org\/{rel}","templated":true}]}}