{"id":13136,"date":"2025-02-26T17:10:14","date_gmt":"2025-02-26T15:10:14","guid":{"rendered":"https:\/\/www.clickker.nl\/?page_id=13136"},"modified":"2025-02-26T17:19:48","modified_gmt":"2025-02-26T15:19:48","slug":"api-en-linea-exacta","status":"publish","type":"page","link":"https:\/\/www.clickker.nl\/es\/api-en-linea-exacta\/","title":{"rendered":"Integraci\u00f3n de aplicaciones externas con Exact Online"},"content":{"rendered":"<div data-elementor-type=\"wp-page\" data-elementor-id=\"13136\" class=\"elementor elementor-13136\" data-elementor-post-type=\"page\">\n\t\t\t\t<div class=\"elementor-element elementor-element-6db36b23 e-flex e-con-boxed e-con e-parent\" data-id=\"6db36b23\" data-element_type=\"container\" data-settings=\"{&quot;background_background&quot;:&quot;gradient&quot;}\">\n\t\t\t\t\t<div class=\"e-con-inner\">\n\t\t<div class=\"elementor-element elementor-element-30f1ce03 e-con-full e-flex e-con e-child\" data-id=\"30f1ce03\" data-element_type=\"container\">\n\t\t\t\t<div class=\"elementor-element elementor-element-359cc36e elementor-widget elementor-widget-shortcode\" data-id=\"359cc36e\" data-element_type=\"widget\" data-widget_type=\"shortcode.default\">\n\t\t\t\t<div class=\"elementor-widget-container\">\n\t\t\t\t\t\t\t<div class=\"elementor-shortcode\"><nav aria-label=\"pan rallado\" class=\"rank-math-breadcrumb\"><p><span class=\"last\">Inicio<\/span><\/p><\/nav><\/div>\n\t\t\t\t\t\t<\/div>\n\t\t\t\t<\/div>\n\t\t\t\t<\/div>\n\t\t\t\t\t<\/div>\n\t\t\t\t<\/div>\n\t\t<div class=\"elementor-element elementor-element-c8cfb11 e-flex e-con-boxed e-con e-parent\" data-id=\"c8cfb11\" data-element_type=\"container\">\n\t\t\t\t\t<div class=\"e-con-inner\">\n\t\t\t\t<div class=\"elementor-element elementor-element-0360355 elementor-widget elementor-widget-text-editor\" data-id=\"0360355\" data-element_type=\"widget\" data-widget_type=\"text-editor.default\">\n\t\t\t\t<div class=\"elementor-widget-container\">\n\t\t\t\t\t\t\t\t\t<h2>Introducci\u00f3n<\/h2>\nLos usuarios de Exact Online que deseen vincular aplicaciones empresariales externas se benefician de un enfoque estructurado. Este proceso consta de cuatro pasos: an\u00e1lisis de la aplicaci\u00f3n externa, an\u00e1lisis de la configuraci\u00f3n de Exact Online, ejecuci\u00f3n del enlace e implementaci\u00f3n. Una integraci\u00f3n bien planificada evita riesgos y garantiza una cooperaci\u00f3n eficaz entre los distintos sistemas.\n<h2>Paso 1: An\u00e1lisis de la aplicaci\u00f3n externa<\/h2>\nEl primer paso consiste en investigar si hay una API disponible y si existe documentaci\u00f3n que proporcione informaci\u00f3n sobre las capacidades del enlace. Adem\u00e1s, se determina qu\u00e9 datos son relevantes para la integraci\u00f3n y c\u00f3mo pueden procesarse estos datos en Exact Online de forma estructurada. Exact Online dispone de una API desarrollada por Exact con un n\u00famero limitado de puntos finales. Para permitir una vinculaci\u00f3n m\u00e1s flexible y amplia, se puede utilizar la API de Clickker. Esta ofrece alrededor de 400 puntos finales y es adecuada tanto para Exact Online como para Exact Globe. Cuando una aplicaci\u00f3n externa no dispone de una API, la sincronizaci\u00f3n a trav\u00e9s de FTP, CSV o XML puede ofrecer una opci\u00f3n alternativa. Sin embargo, esto puede significar que la sincronizaci\u00f3n en tiempo real no sea factible.\n<h2>Paso 2: An\u00e1lisis de la configuraci\u00f3n exacta en l\u00ednea<\/h2>\nExact Online se configura de forma \u00fanica para cada organizaci\u00f3n. Para garantizar que la integraci\u00f3n funciona sin problemas, analizamos la configuraci\u00f3n actual y realizamos un an\u00e1lisis de riesgos. Aqu\u00ed, examinamos el impacto de la integraci\u00f3n en los flujos de trabajo y el procesamiento de datos existentes. Como socio oficialmente certificado de Exact, nuestra empresa matriz, Sense Cloud, cuenta con la experiencia necesaria para realizar este an\u00e1lisis con precisi\u00f3n.\n<h2>Paso 3: Aplicaci\u00f3n<\/h2>\nLos clientes que dispongan de los conocimientos t\u00e9cnicos y deseen tomar la iniciativa por s\u00ed mismos pueden contar con nuestro apoyo en la implantaci\u00f3n. Ayudamos a establecer el enlace y asesoramos sobre los puntos finales de API necesarios. Esto garantiza que la integraci\u00f3n se realice sin problemas y que el cliente conserve el control sobre la implementaci\u00f3n.\n<h2>Paso 4: Aplicaci\u00f3n<\/h2>\nPara los clientes que deseen externalizar la implementaci\u00f3n, nos encargamos de todo el proceso. Configuramos la conexi\u00f3n e investigamos si a\u00fan pueden configurarse los puntos finales de API que faltan. Esto garantiza una integraci\u00f3n perfecta con Exact Online y minimiza las interrupciones en las operaciones empresariales.\n<h2>Conclusi\u00f3n<\/h2>\n\nVincular una aplicaci\u00f3n externa a Exact Online requiere un enfoque estructurado. Realizando los an\u00e1lisis adecuados de antemano y proporcionando una implementaci\u00f3n bien meditada, garantizamos una cooperaci\u00f3n eficaz entre los sistemas. Adem\u00e1s, estandarizamos los nuevos enlaces inmediatamente, manteniendo los costes bajos y respondiendo r\u00e1pidamente a las nuevas peticiones de los clientes.\t\t\t\t\t\t\t\t<\/div>\n\t\t\t\t<\/div>\n\t\t\t\t\t<\/div>\n\t\t\t\t<\/div>\n\t\t\t\t<\/div>","protected":false},"excerpt":{"rendered":"<p>\u00bfDesea vincular una aplicaci\u00f3n externa a Exact Online? Un enfoque estructurado evita errores y garantiza una colaboraci\u00f3n eficaz. Este proceso consta de cuatro pasos: an\u00e1lisis de la aplicaci\u00f3n externa, evaluaci\u00f3n de la configuraci\u00f3n de Exact Online, ejecuci\u00f3n del enlace e implementaci\u00f3n. Analizando adecuadamente de antemano y siguiendo una implementaci\u00f3n bien meditada, minimizar\u00e1 los riesgos y mejorar\u00e1 el funcionamiento de sus sistemas. Con las soluciones API adecuadas, como la API de Clickker, podr\u00e1 realizar una integraci\u00f3n flexible y completa. De este modo, crear\u00e1 una conexi\u00f3n estable y eficiente entre su software empresarial y Exact Online, sin complicaciones innecesarias.<\/p>","protected":false},"author":6,"featured_media":0,"parent":0,"menu_order":0,"comment_status":"closed","ping_status":"closed","template":"","meta":{"footnotes":""},"class_list":["post-13136","page","type-page","status-publish","hentry"],"_links":{"self":[{"href":"https:\/\/www.clickker.nl\/es\/wp-json\/wp\/v2\/pages\/13136","targetHints":{"allow":["GET"]}}],"collection":[{"href":"https:\/\/www.clickker.nl\/es\/wp-json\/wp\/v2\/pages"}],"about":[{"href":"https:\/\/www.clickker.nl\/es\/wp-json\/wp\/v2\/types\/page"}],"author":[{"embeddable":true,"href":"https:\/\/www.clickker.nl\/es\/wp-json\/wp\/v2\/users\/6"}],"replies":[{"embeddable":true,"href":"https:\/\/www.clickker.nl\/es\/wp-json\/wp\/v2\/comments?post=13136"}],"version-history":[{"count":5,"href":"https:\/\/www.clickker.nl\/es\/wp-json\/wp\/v2\/pages\/13136\/revisions"}],"predecessor-version":[{"id":13143,"href":"https:\/\/www.clickker.nl\/es\/wp-json\/wp\/v2\/pages\/13136\/revisions\/13143"}],"wp:attachment":[{"href":"https:\/\/www.clickker.nl\/es\/wp-json\/wp\/v2\/media?parent=13136"}],"curies":[{"name":"wp","href":"https:\/\/api.w.org\/{rel}","templated":true}]}}