{"id":11177,"date":"2024-05-08T12:11:54","date_gmt":"2024-05-08T10:11:54","guid":{"rendered":"https:\/\/www.clickker.nl\/?page_id=11177"},"modified":"2024-05-08T15:36:46","modified_gmt":"2024-05-08T13:36:46","slug":"libros-de-demostracion-gratuitos","status":"publish","type":"page","link":"https:\/\/www.clickker.nl\/es\/libros-de-demostracion-gratuitos\/","title":{"rendered":"Demostraci\u00f3n gratuita"},"content":{"rendered":"<div data-elementor-type=\"wp-page\" data-elementor-id=\"11177\" class=\"elementor elementor-11177\" data-elementor-post-type=\"page\">\n\t\t\t\t<div class=\"elementor-element elementor-element-51f3f9aa e-flex e-con-boxed e-con e-parent\" data-id=\"51f3f9aa\" data-element_type=\"container\" data-settings=\"{&quot;background_background&quot;:&quot;gradient&quot;}\">\n\t\t\t\t\t<div class=\"e-con-inner\">\n\t\t\t\t\t<\/div>\n\t\t\t\t<\/div>\n\t\t<div class=\"elementor-element elementor-element-54359d4c e-flex e-con-boxed e-con e-parent\" data-id=\"54359d4c\" data-element_type=\"container\" data-settings=\"{&quot;background_background&quot;:&quot;gradient&quot;}\">\n\t\t\t\t\t<div class=\"e-con-inner\">\n\t\t<div class=\"elementor-element elementor-element-2ac58660 e-con-full e-flex e-con e-child\" data-id=\"2ac58660\" data-element_type=\"container\">\n\t\t\t\t<div class=\"elementor-element elementor-element-1d4175b3 elementor-widget elementor-widget-image\" data-id=\"1d4175b3\" data-element_type=\"widget\" data-widget_type=\"image.default\">\n\t\t\t\t<div class=\"elementor-widget-container\">\n\t\t\t\t\t\t\t\t\t\t\t\t\t\t\t<img fetchpriority=\"high\" decoding=\"async\" width=\"800\" height=\"534\" src=\"https:\/\/www.clickker.nl\/wp-content\/uploads\/2024\/02\/Gratisdemo-1024x683.webp\" class=\"attachment-large size-large wp-image-10869\" alt=\"\" srcset=\"https:\/\/www.clickker.nl\/wp-content\/uploads\/2024\/02\/Gratisdemo-1024x683.webp 1024w, https:\/\/www.clickker.nl\/wp-content\/uploads\/2024\/02\/Gratisdemo-300x200.webp 300w, https:\/\/www.clickker.nl\/wp-content\/uploads\/2024\/02\/Gratisdemo-768x512.webp 768w, https:\/\/www.clickker.nl\/wp-content\/uploads\/2024\/02\/Gratisdemo.webp 1200w\" sizes=\"(max-width: 800px) 100vw, 800px\">\t\t\t\t\t\t\t\t\t\t\t\t\t\t\t<\/div>\n\t\t\t\t<\/div>\n\t\t\t\t<\/div>\n\t\t<div class=\"elementor-element elementor-element-1c2b7580 e-con-full e-flex e-con e-child\" data-id=\"1c2b7580\" data-element_type=\"container\">\n\t\t\t\t<div class=\"elementor-element elementor-element-6a69f136 elementor-widget elementor-widget-heading\" data-id=\"6a69f136\" data-element_type=\"widget\" data-widget_type=\"heading.default\">\n\t\t\t\t<div class=\"elementor-widget-container\">\n\t\t\t\t\t<h2 class=\"elementor-heading-title elementor-size-default\">Demostraci\u00f3n gratuita<\/h2>\t\t\t\t<\/div>\n\t\t\t\t<\/div>\n\t\t\t\t<div class=\"elementor-element elementor-element-240c96d elementor-widget elementor-widget-text-editor\" data-id=\"240c96d\" data-element_type=\"widget\" data-widget_type=\"text-editor.default\">\n\t\t\t\t<div class=\"elementor-widget-container\">\n\t\t\t\t\t\t\t\t\t<p>F\u00e1cil y r\u00e1pido de organizar<\/p>\t\t\t\t\t\t\t\t<\/div>\n\t\t\t\t<\/div>\n\t\t\t\t<div class=\"elementor-element elementor-element-5a848303 elementor-widget elementor-widget-text-editor\" data-id=\"5a848303\" data-element_type=\"widget\" data-widget_type=\"text-editor.default\">\n\t\t\t\t<div class=\"elementor-widget-container\">\n\t\t\t\t\t\t\t\t\t<p>Rellene r\u00e1pidamente el formulario para obtener una demostraci\u00f3n gratuita. Tras recibir sus datos, le explicaremos todos los detalles. Una demostraci\u00f3n no cuesta nada y puede organizarse en unos minutos.<\/p>\t\t\t\t\t\t\t\t<\/div>\n\t\t\t\t<\/div>\n\t\t\t\t<div class=\"elementor-element elementor-element-448c1955 elementor-button-align-stretch elementor-widget elementor-widget-form\" data-id=\"448c1955\" data-element_type=\"widget\" data-settings=\"{&quot;button_width&quot;:&quot;40&quot;,&quot;step_next_label&quot;:&quot;Next&quot;,&quot;step_previous_label&quot;:&quot;Previous&quot;,&quot;step_type&quot;:&quot;number_text&quot;,&quot;step_icon_shape&quot;:&quot;circle&quot;}\" data-widget_type=\"form.default\">\n\t\t\t\t<div class=\"elementor-widget-container\">\n\t\t\t\t\t\t\t<form class=\"elementor-form\" method=\"post\" name=\"Nieuw Formulier\" aria-label=\"Nuevo formulario\" action=\"\">\n\t\t\t<input type=\"hidden\" name=\"post_id\" value=\"11177\"\/>\n\t\t\t<input type=\"hidden\" name=\"form_id\" value=\"448c1955\"\/>\n\t\t\t<input type=\"hidden\" name=\"referer_title\" value=\"Gratis demo boeken | Clickker API Exact\" \/>\n\n\t\t\t\t\t\t\t<input type=\"hidden\" name=\"queried_id\" value=\"11177\"\/>\n\t\t\t\n\t\t\t<div class=\"elementor-form-fields-wrapper elementor-labels-above\">\n\t\t\t\t\t\t\t\t<div class=\"elementor-field-type-text elementor-field-group elementor-column elementor-field-group-name elementor-col-50\">\n\t\t\t\t\t\t\t\t\t\t\t\t\t<input size=\"1\" type=\"text\" name=\"form_fields[name]\" id=\"form-field-name\" class=\"elementor-field elementor-size-sm  elementor-field-textual\" placeholder=\"Nombre\">\n\t\t\t\t\t\t\t\t\t\t\t<\/div>\n\t\t\t\t\t\t\t\t<div class=\"elementor-field-type-text elementor-field-group elementor-column elementor-field-group-field_1145a37 elementor-col-50\">\n\t\t\t\t\t\t\t\t\t\t\t\t\t<input size=\"1\" type=\"text\" name=\"form_fields[field_1145a37]\" id=\"form-field-field_1145a37\" class=\"elementor-field elementor-size-sm  elementor-field-textual\" placeholder=\"Apellido\">\n\t\t\t\t\t\t\t\t\t\t\t<\/div>\n\t\t\t\t\t\t\t\t<div class=\"elementor-field-type-email elementor-field-group elementor-column elementor-field-group-email elementor-col-100 elementor-field-required\">\n\t\t\t\t\t\t\t\t\t\t\t\t\t<input size=\"1\" type=\"email\" name=\"form_fields[email]\" id=\"form-field-email\" class=\"elementor-field elementor-size-sm  elementor-field-textual\" placeholder=\"Correo electr\u00f3nico\" required=\"required\">\n\t\t\t\t\t\t\t\t\t\t\t<\/div>\n\t\t\t\t\t\t\t\t<div class=\"elementor-field-group elementor-column elementor-field-type-submit elementor-col-40 e-form__buttons\">\n\t\t\t\t\t<button class=\"elementor-button elementor-size-md\" type=\"submit\">\n\t\t\t\t\t\t<span class=\"elementor-button-content-wrapper\">\n\t\t\t\t\t\t\t\t\t\t\t\t\t\t\t\t\t\t\t\t\t\t<span class=\"elementor-button-text\">Pregunta a<\/span>\n\t\t\t\t\t\t\t\t\t\t\t\t\t<\/span>\n\t\t\t\t\t<\/button>\n\t\t\t\t<\/div>\n\t\t\t<\/div>\n\t\t<input type=\"hidden\" name=\"trp-form-language\" value=\"es\"\/><\/form>\n\t\t\t\t\t\t<\/div>\n\t\t\t\t<\/div>\n\t\t\t\t<\/div>\n\t\t\t\t\t<\/div>\n\t\t\t\t<\/div>\n\t\t\t\t<\/div>","protected":false},"excerpt":{"rendered":"<p>Demostraci\u00f3n gratuita \u00a1Sencillo y r\u00e1pido! Rellene r\u00e1pidamente el formulario para solicitar una demostraci\u00f3n gratuita. Tras recibir sus datos, le explicaremos todos los detalles. Una demostraci\u00f3n no cuesta nada y puede organizarse en unos minutos.<\/p>","protected":false},"author":6,"featured_media":0,"parent":0,"menu_order":0,"comment_status":"closed","ping_status":"closed","template":"","meta":{"footnotes":""},"class_list":["post-11177","page","type-page","status-publish","hentry"],"_links":{"self":[{"href":"https:\/\/www.clickker.nl\/es\/wp-json\/wp\/v2\/pages\/11177","targetHints":{"allow":["GET"]}}],"collection":[{"href":"https:\/\/www.clickker.nl\/es\/wp-json\/wp\/v2\/pages"}],"about":[{"href":"https:\/\/www.clickker.nl\/es\/wp-json\/wp\/v2\/types\/page"}],"author":[{"embeddable":true,"href":"https:\/\/www.clickker.nl\/es\/wp-json\/wp\/v2\/users\/6"}],"replies":[{"embeddable":true,"href":"https:\/\/www.clickker.nl\/es\/wp-json\/wp\/v2\/comments?post=11177"}],"version-history":[{"count":11,"href":"https:\/\/www.clickker.nl\/es\/wp-json\/wp\/v2\/pages\/11177\/revisions"}],"predecessor-version":[{"id":11340,"href":"https:\/\/www.clickker.nl\/es\/wp-json\/wp\/v2\/pages\/11177\/revisions\/11340"}],"wp:attachment":[{"href":"https:\/\/www.clickker.nl\/es\/wp-json\/wp\/v2\/media?parent=11177"}],"curies":[{"name":"wp","href":"https:\/\/api.w.org\/{rel}","templated":true}]}}