{"id":8053,"date":"2023-06-21T09:02:36","date_gmt":"2023-06-21T09:02:36","guid":{"rendered":"https:\/\/www.clickker.nl\/?page_id=8053"},"modified":"2025-05-28T15:22:49","modified_gmt":"2025-05-28T13:22:49","slug":"warum-clicker-endnutzer","status":"publish","type":"page","link":"https:\/\/www.clickker.nl\/de\/fur-endverbraucher\/warum-clicker-endnutzer\/","title":{"rendered":"Warum Clickker?"},"content":{"rendered":"<div data-elementor-type=\"wp-page\" data-elementor-id=\"8053\" class=\"elementor elementor-8053\" data-elementor-post-type=\"page\">\n\t\t\t\t<div class=\"elementor-element elementor-element-7074524 e-flex e-con-boxed e-con e-parent\" data-id=\"7074524\" data-element_type=\"container\" data-settings=\"{&quot;background_background&quot;:&quot;gradient&quot;}\">\n\t\t\t\t\t<div class=\"e-con-inner\">\n\t\t<div class=\"elementor-element elementor-element-eef6295 e-con-full e-flex e-con e-child\" data-id=\"eef6295\" data-element_type=\"container\">\n\t\t\t\t<div class=\"elementor-element elementor-element-c76ebb9 elementor-widget elementor-widget-shortcode\" data-id=\"c76ebb9\" data-element_type=\"widget\" data-widget_type=\"shortcode.default\">\n\t\t\t\t<div class=\"elementor-widget-container\">\n\t\t\t\t\t\t\t<div class=\"elementor-shortcode\"><nav aria-label=\"Semmelbr\u00f6sel\" class=\"rank-math-breadcrumb\"><p><span class=\"last\">Startseite<\/span><\/p><\/nav><\/div>\n\t\t\t\t\t\t<\/div>\n\t\t\t\t<\/div>\n\t\t\t\t<\/div>\n\t\t\t\t\t<\/div>\n\t\t\t\t<\/div>\n\t\t<div class=\"elementor-element elementor-element-e01f6a6 e-flex e-con-boxed e-con e-parent\" data-id=\"e01f6a6\" data-element_type=\"container\">\n\t\t\t\t\t<div class=\"e-con-inner\">\n\t\t\t\t<div class=\"elementor-element elementor-element-f6aab6d elementor-widget elementor-widget-spacer\" data-id=\"f6aab6d\" data-element_type=\"widget\" data-widget_type=\"spacer.default\">\n\t\t\t\t<div class=\"elementor-widget-container\">\n\t\t\t\t\t\t\t<div class=\"elementor-spacer\">\n\t\t\t<div class=\"elementor-spacer-inner\"><\/div>\n\t\t<\/div>\n\t\t\t\t\t\t<\/div>\n\t\t\t\t<\/div>\n\t\t\t\t\t<\/div>\n\t\t\t\t<\/div>\n\t\t<div class=\"elementor-element elementor-element-8f66f74 e-flex e-con-boxed e-con e-parent\" data-id=\"8f66f74\" data-element_type=\"container\">\n\t\t\t\t\t<div class=\"e-con-inner\">\n\t\t\t\t<div class=\"elementor-element elementor-element-60ebcf0 elementor-widget-tablet__width-inherit elementor-widget elementor-widget-heading\" data-id=\"60ebcf0\" data-element_type=\"widget\" data-widget_type=\"heading.default\">\n\t\t\t\t<div class=\"elementor-widget-container\">\n\t\t\t\t\t<h2 class=\"elementor-heading-title elementor-size-xl\">Alles genau verlinkt<\/h2>\t\t\t\t<\/div>\n\t\t\t\t<\/div>\n\t\t\t\t\t<\/div>\n\t\t\t\t<\/div>\n\t\t<div class=\"elementor-element elementor-element-766bdb3 e-flex e-con-boxed e-con e-parent\" data-id=\"766bdb3\" data-element_type=\"container\">\n\t\t\t\t\t<div class=\"e-con-inner\">\n\t\t\t\t<div class=\"elementor-element elementor-element-f7cbe2c elementor-widget elementor-widget-text-editor\" data-id=\"f7cbe2c\" data-element_type=\"widget\" data-widget_type=\"text-editor.default\">\n\t\t\t\t<div class=\"elementor-widget-container\">\n\t\t\t\t\t\t\t\t\t<p>Die Welt ver\u00e4ndert sich rasant. Um darauf zu reagieren, spielt die IT-Technologie eine entscheidende Rolle. Ein allumfassendes ERP-System reicht hier heute nicht mehr aus.<\/p><h5><strong>Das Beste vom Besten<\/strong><\/h5><p>Was bedeutet es, wenn Sie eine Best-of-Breed-Strategie auf Ihre Anwendungslandschaft anwenden?<\/p><p>Best-of-Breed bedeutet, dass f\u00fcr jeden Anwendungsbereich die beste (am besten geeignete) Softwarel\u00f6sung gew\u00e4hlt wird.<\/p><p>Zum Beispiel eine CRM-Anwendung von einem Anbieter f\u00fcr Ihre Vertriebsabteilung und eine WMS-Anwendung f\u00fcr Ihr Lager von einem anderen Anbieter.<\/p><p>Was sind die Auswirkungen, wenn Sie sich f\u00fcr die Umsetzung einer solchen Strategie entscheiden?<\/p><p>Das bedeutet, dass Sie in den meisten F\u00e4llen mehrere Standardanwendungen in Ihrer Anwendungslandschaft haben werden. Diese Anwendungen m\u00fcssen jedoch miteinander integriert werden. Und genau hier kommt Clickker ins Spiel. Clickker sorgt daf\u00fcr, dass dies sicher und schnell geschehen kann. Dies geschieht durch den Einsatz einer auf dem Markt weit verbreiteten Technologie (REST API Hyperlink).<\/p><h5><strong>Dadurch kann Ihre Organisation von den folgenden Vorteilen profitieren:<\/strong><\/h5><ul><li>Standardisierung der genauen Aufgabenstellung<\/li><li>Immer auf dem neuesten Stand, ohne zus\u00e4tzliche Kosten<\/li><li>Geeignet f\u00fcr Exact Globe Next, Exact Globe+ und Exact Synergy<\/li><li>G\u00fcnstig ein fester Betrag pro Monat<\/li><li>Schnelle Umsetzung m\u00f6glich<\/li><li>Mehrfach verwendbar (mehrere Anwendungen pro Exact-Lizenz)<\/li><li>Flexibilit\u00e4t beim Abrufen aller Arten von Daten<\/li><li>Viel weniger abh\u00e4ngig von Exact Consultant!<\/li><\/ul><div>\u00a0<\/div><p>Vor allem aber erm\u00f6glicht die Kombination von Clickker und Exact Ihrem Unternehmen, Ver\u00e4nderungen auf dem Markt schnell zu erkennen.<\/p><h5><strong>Das ist es doch, was alle wollen, oder?<\/strong><\/h5>\t\t\t\t\t\t\t\t<\/div>\n\t\t\t\t<\/div>\n\t\t\t\t\t<\/div>\n\t\t\t\t<\/div>\n\t\t<div class=\"elementor-element elementor-element-53058ed e-flex e-con-boxed e-con e-parent\" data-id=\"53058ed\" data-element_type=\"container\">\n\t\t\t\t\t<div class=\"e-con-inner\">\n\t\t\t\t<div class=\"elementor-element elementor-element-8b38812 elementor-widget elementor-widget-heading\" data-id=\"8b38812\" data-element_type=\"widget\" data-widget_type=\"heading.default\">\n\t\t\t\t<div class=\"elementor-widget-container\">\n\t\t\t\t\t<h2 class=\"elementor-heading-title elementor-size-default\">Der folgende Film erkl\u00e4rt das Clickker-Konzept<\/h2>\t\t\t\t<\/div>\n\t\t\t\t<\/div>\n\t\t\t\t\t<\/div>\n\t\t\t\t<\/div>\n\t\t<div class=\"elementor-element elementor-element-d910a37 e-flex e-con-boxed e-con e-parent\" data-id=\"d910a37\" data-element_type=\"container\">\n\t\t\t\t\t<div class=\"e-con-inner\">\n\t\t\t\t<div class=\"elementor-element elementor-element-973c7a6 elementor-widget elementor-widget-video\" data-id=\"973c7a6\" data-element_type=\"widget\" data-settings=\"{&quot;video_type&quot;:&quot;vimeo&quot;}\" data-widget_type=\"video.default\">\n\t\t\t\t<div class=\"elementor-widget-container\">\n\t\t\t\t\t\t\t<div class=\"elementor-wrapper elementor-open-inline\">\n\t\t\t<iframe class=\"elementor-video-iframe\" allowfullscreen allow=\"clipboard-write\" title=\"vimeo video player\" src=\"https:\/\/player.vimeo.com\/video\/836841972?color&amp;autopause=0&amp;loop=0&amp;muted=0&amp;title=0&amp;portrait=1&amp;byline=1#t=\"><\/iframe>\t\t<\/div>\n\t\t\t\t\t\t<\/div>\n\t\t\t\t<\/div>\n\t\t\t\t\t<\/div>\n\t\t\t\t<\/div>\n\t\t\t\t<\/div>","protected":false},"excerpt":{"rendered":"<p>Alles genau vernetzt Die Welt ver\u00e4ndert sich rasant. Um darauf zu reagieren, spielt die IT-Technologie eine entscheidende Rolle. Ein allumfassendes ERP-System reicht daf\u00fcr heute nicht mehr aus. Best-of-Breed Wenn Sie eine Best-of-Breed-Strategie auf Ihre Anwendungslandschaft anwenden, was bedeutet das? Best-of-breed bedeutet, dass Sie die besten (am besten geeigneten) [...]<\/p>","protected":false},"author":7,"featured_media":0,"parent":8331,"menu_order":0,"comment_status":"closed","ping_status":"closed","template":"elementor_header_footer","meta":{"footnotes":""},"class_list":["post-8053","page","type-page","status-publish","hentry"],"_links":{"self":[{"href":"https:\/\/www.clickker.nl\/de\/wp-json\/wp\/v2\/pages\/8053","targetHints":{"allow":["GET"]}}],"collection":[{"href":"https:\/\/www.clickker.nl\/de\/wp-json\/wp\/v2\/pages"}],"about":[{"href":"https:\/\/www.clickker.nl\/de\/wp-json\/wp\/v2\/types\/page"}],"author":[{"embeddable":true,"href":"https:\/\/www.clickker.nl\/de\/wp-json\/wp\/v2\/users\/7"}],"replies":[{"embeddable":true,"href":"https:\/\/www.clickker.nl\/de\/wp-json\/wp\/v2\/comments?post=8053"}],"version-history":[{"count":137,"href":"https:\/\/www.clickker.nl\/de\/wp-json\/wp\/v2\/pages\/8053\/revisions"}],"predecessor-version":[{"id":13832,"href":"https:\/\/www.clickker.nl\/de\/wp-json\/wp\/v2\/pages\/8053\/revisions\/13832"}],"up":[{"embeddable":true,"href":"https:\/\/www.clickker.nl\/de\/wp-json\/wp\/v2\/pages\/8331"}],"wp:attachment":[{"href":"https:\/\/www.clickker.nl\/de\/wp-json\/wp\/v2\/media?parent=8053"}],"curies":[{"name":"wp","href":"https:\/\/api.w.org\/{rel}","templated":true}]}}