{"id":1830,"date":"2023-05-02T08:01:23","date_gmt":"2023-05-02T08:01:23","guid":{"rendered":"https:\/\/www.clickker.nl\/?page_id=1830"},"modified":"2023-07-10T13:21:26","modified_gmt":"2023-07-10T11:21:26","slug":"warum-clicker-entwickler","status":"publish","type":"page","link":"https:\/\/www.clickker.nl\/de\/fur-entwickler\/warum-clicker-entwickler\/","title":{"rendered":"Warum Clickker?"},"content":{"rendered":"<div data-elementor-type=\"wp-page\" data-elementor-id=\"1830\" class=\"elementor elementor-1830\" data-elementor-post-type=\"page\">\n\t\t\t\t<div class=\"elementor-element elementor-element-7074524 e-flex e-con-boxed e-con e-parent\" data-id=\"7074524\" data-element_type=\"container\" data-settings=\"{&quot;background_background&quot;:&quot;gradient&quot;}\">\n\t\t\t\t\t<div class=\"e-con-inner\">\n\t\t<div class=\"elementor-element elementor-element-eef6295 e-con-full e-flex e-con e-parent\" data-id=\"eef6295\" data-element_type=\"container\">\n\t\t\t\t<div class=\"elementor-element elementor-element-c76ebb9 elementor-widget elementor-widget-shortcode\" data-id=\"c76ebb9\" data-element_type=\"widget\" data-widget_type=\"shortcode.default\">\n\t\t\t\t<div class=\"elementor-widget-container\">\n\t\t\t\t\t\t\t<div class=\"elementor-shortcode\"><nav aria-label=\"Semmelbr\u00f6sel\" class=\"rank-math-breadcrumb\"><p><span class=\"last\">Startseite<\/span><\/p><\/nav><\/div>\n\t\t\t\t\t\t<\/div>\n\t\t\t\t<\/div>\n\t\t\t\t<\/div>\n\t\t\t\t\t<\/div>\n\t\t\t\t<\/div>\n\t\t<div class=\"elementor-element elementor-element-d993d0f e-flex e-con-boxed e-con e-parent\" data-id=\"d993d0f\" data-element_type=\"container\">\n\t\t\t\t\t<div class=\"e-con-inner\">\n\t\t\t\t<div class=\"elementor-element elementor-element-dd758bd elementor-widget elementor-widget-spacer\" data-id=\"dd758bd\" data-element_type=\"widget\" data-widget_type=\"spacer.default\">\n\t\t\t\t<div class=\"elementor-widget-container\">\n\t\t\t\t\t\t\t<div class=\"elementor-spacer\">\n\t\t\t<div class=\"elementor-spacer-inner\"><\/div>\n\t\t<\/div>\n\t\t\t\t\t\t<\/div>\n\t\t\t\t<\/div>\n\t\t\t\t\t<\/div>\n\t\t\t\t<\/div>\n\t\t<div class=\"elementor-element elementor-element-1437fdf e-flex e-con-boxed e-con e-parent\" data-id=\"1437fdf\" data-element_type=\"container\">\n\t\t\t\t\t<div class=\"e-con-inner\">\n\t\t\t\t<div class=\"elementor-element elementor-element-da6af28 elementor-widget elementor-widget-heading\" data-id=\"da6af28\" data-element_type=\"widget\" data-widget_type=\"heading.default\">\n\t\t\t\t<div class=\"elementor-widget-container\">\n\t\t\t\t\t<h2 class=\"elementor-heading-title elementor-size-default\">Die API-L\u00f6sung f\u00fcr Exact Software<\/h2>\t\t\t\t<\/div>\n\t\t\t\t<\/div>\n\t\t\t\t\t<\/div>\n\t\t\t\t<\/div>\n\t\t<div class=\"elementor-element elementor-element-766bdb3 e-flex e-con-boxed e-con e-parent\" data-id=\"766bdb3\" data-element_type=\"container\">\n\t\t\t\t\t<div class=\"e-con-inner\">\n\t\t\t\t<div class=\"elementor-element elementor-element-f7cbe2c elementor-widget elementor-widget-text-editor\" data-id=\"f7cbe2c\" data-element_type=\"widget\" data-widget_type=\"text-editor.default\">\n\t\t\t\t<div class=\"elementor-widget-container\">\n\t\t\t\t\t\t\t\t\t<h5><strong>DIE HERAUSFORDERUNG<\/strong><\/h5><p>Die Verkn\u00fcpfung mit der Software von Exact, insbesondere mit Exact Globe, ist aufgrund des Fehlens einer externen API eine Herausforderung. Innerhalb von Exact Globe gibt es mehrere Methoden zur Verkn\u00fcpfung (CSV, XML, SDK, Entity Services), die jedoch nicht ideal sind und nicht alle Aktionen innerhalb von Exact unterst\u00fctzen. Das macht es zus\u00e4tzlich komplex.<\/p><h5><strong><span style=\"color: #2b2c60; text-align: center;\">DIE L\u00d6SUNG<\/span><\/strong><\/h5><p>Um diese Herausforderungen zu meistern, haben wir Clickker entwickelt. Mit Clickker haben Sie eine einzige Anlaufstelle f\u00fcr alle Aktionen und m\u00fcssen nicht mehr selbst herausfinden, was m\u00f6glich ist. Wir haben eine gute <a href=\"https:\/\/demo-api.clickker.nl\/swagger\" target=\"_blank\" rel=\"noopener\">dokumentiert<\/a> Die REST-API wurde f\u00fcr Exact Globe entwickelt, so dass sie leicht zu integrieren ist. Wir haben auch viel Wert auf die Protokollierung gelegt, um eventuelle Fehler schnell zu finden.<\/p><p>Clickker arbeitet mit einer sicheren Verbindung (HTTPS) und bietet die M\u00f6glichkeit, innerhalb des IIS einen bestimmten Port zuzuweisen. <br \/>Der Hauptvorteil ist, dass Sie mit Clickker Ihre eigene Verbindung herstellen k\u00f6nnen, ohne <a href=\"https:\/\/www.clickker.nl\/de\/wissensdatenbank\/api-limieten-exact-online\/\">Grenzwerte<\/a> wie es bei Exact Online der Fall ist.<\/p>\t\t\t\t\t\t\t\t<\/div>\n\t\t\t\t<\/div>\n\t\t\t\t\t<\/div>\n\t\t\t\t<\/div>\n\t\t<div class=\"elementor-element elementor-element-902105c e-flex e-con-boxed e-con e-parent\" data-id=\"902105c\" data-element_type=\"container\">\n\t\t\t\t\t<div class=\"e-con-inner\">\n\t\t\t\t<div class=\"elementor-element elementor-element-0b7f2c2 elementor-widget elementor-widget-image\" data-id=\"0b7f2c2\" data-element_type=\"widget\" data-widget_type=\"image.default\">\n\t\t\t\t<div class=\"elementor-widget-container\">\n\t\t\t\t\t\t\t\t\t\t\t\t\t\t\t<img fetchpriority=\"high\" decoding=\"async\" width=\"800\" height=\"444\" src=\"https:\/\/www.clickker.nl\/wp-content\/uploads\/2023\/06\/schema-1024x568.png\" class=\"attachment-large size-large wp-image-7924\" alt=\"\" srcset=\"https:\/\/www.clickker.nl\/wp-content\/uploads\/2023\/06\/schema-1024x568.png 1024w, https:\/\/www.clickker.nl\/wp-content\/uploads\/2023\/06\/schema-300x166.png 300w, https:\/\/www.clickker.nl\/wp-content\/uploads\/2023\/06\/schema-768x426.png 768w, https:\/\/www.clickker.nl\/wp-content\/uploads\/2023\/06\/schema-1536x851.png 1536w, https:\/\/www.clickker.nl\/wp-content\/uploads\/2023\/06\/schema.png 1705w\" sizes=\"(max-width: 800px) 100vw, 800px\">\t\t\t\t\t\t\t\t\t\t\t\t\t\t\t<\/div>\n\t\t\t\t<\/div>\n\t\t\t\t\t<\/div>\n\t\t\t\t<\/div>\n\t\t\t\t<\/div>","protected":false},"excerpt":{"rendered":"<p>Die API-L\u00f6sung f\u00fcr Exact Software DIE HERAUSFORDERUNG Die Verkn\u00fcpfung mit der Software von Exact, insbesondere mit Exact Globe, ist aufgrund des Fehlens einer externen API eine Herausforderung. Innerhalb von Exact Globe gibt es mehrere Methoden zur Verkn\u00fcpfung (CSV, XML, SDK, Entity Services), die jedoch nicht ideal sind und nicht alle Aktionen unterst\u00fctzen [...]<\/p>","protected":false},"author":1,"featured_media":0,"parent":8333,"menu_order":0,"comment_status":"closed","ping_status":"closed","template":"elementor_header_footer","meta":{"footnotes":""},"class_list":["post-1830","page","type-page","status-publish","hentry"],"_links":{"self":[{"href":"https:\/\/www.clickker.nl\/de\/wp-json\/wp\/v2\/pages\/1830","targetHints":{"allow":["GET"]}}],"collection":[{"href":"https:\/\/www.clickker.nl\/de\/wp-json\/wp\/v2\/pages"}],"about":[{"href":"https:\/\/www.clickker.nl\/de\/wp-json\/wp\/v2\/types\/page"}],"author":[{"embeddable":true,"href":"https:\/\/www.clickker.nl\/de\/wp-json\/wp\/v2\/users\/1"}],"replies":[{"embeddable":true,"href":"https:\/\/www.clickker.nl\/de\/wp-json\/wp\/v2\/comments?post=1830"}],"version-history":[{"count":135,"href":"https:\/\/www.clickker.nl\/de\/wp-json\/wp\/v2\/pages\/1830\/revisions"}],"predecessor-version":[{"id":9833,"href":"https:\/\/www.clickker.nl\/de\/wp-json\/wp\/v2\/pages\/1830\/revisions\/9833"}],"up":[{"embeddable":true,"href":"https:\/\/www.clickker.nl\/de\/wp-json\/wp\/v2\/pages\/8333"}],"wp:attachment":[{"href":"https:\/\/www.clickker.nl\/de\/wp-json\/wp\/v2\/media?parent=1830"}],"curies":[{"name":"wp","href":"https:\/\/api.w.org\/{rel}","templated":true}]}}