{"id":13136,"date":"2025-02-26T17:10:14","date_gmt":"2025-02-26T15:10:14","guid":{"rendered":"https:\/\/www.clickker.nl\/?page_id=13136"},"modified":"2025-02-26T17:19:48","modified_gmt":"2025-02-26T15:19:48","slug":"genaue-online-api","status":"publish","type":"page","link":"https:\/\/www.clickker.nl\/de\/genaue-online-api\/","title":{"rendered":"Integration von externen Anwendungen mit Exact Online"},"content":{"rendered":"<div data-elementor-type=\"wp-page\" data-elementor-id=\"13136\" class=\"elementor elementor-13136\" data-elementor-post-type=\"page\">\n\t\t\t\t<div class=\"elementor-element elementor-element-6db36b23 e-flex e-con-boxed e-con e-parent\" data-id=\"6db36b23\" data-element_type=\"container\" data-settings=\"{&quot;background_background&quot;:&quot;gradient&quot;}\">\n\t\t\t\t\t<div class=\"e-con-inner\">\n\t\t<div class=\"elementor-element elementor-element-30f1ce03 e-con-full e-flex e-con e-child\" data-id=\"30f1ce03\" data-element_type=\"container\">\n\t\t\t\t<div class=\"elementor-element elementor-element-359cc36e elementor-widget elementor-widget-shortcode\" data-id=\"359cc36e\" data-element_type=\"widget\" data-widget_type=\"shortcode.default\">\n\t\t\t\t<div class=\"elementor-widget-container\">\n\t\t\t\t\t\t\t<div class=\"elementor-shortcode\"><nav aria-label=\"Semmelbr\u00f6sel\" class=\"rank-math-breadcrumb\"><p><span class=\"last\">Startseite<\/span><\/p><\/nav><\/div>\n\t\t\t\t\t\t<\/div>\n\t\t\t\t<\/div>\n\t\t\t\t<\/div>\n\t\t\t\t\t<\/div>\n\t\t\t\t<\/div>\n\t\t<div class=\"elementor-element elementor-element-c8cfb11 e-flex e-con-boxed e-con e-parent\" data-id=\"c8cfb11\" data-element_type=\"container\">\n\t\t\t\t\t<div class=\"e-con-inner\">\n\t\t\t\t<div class=\"elementor-element elementor-element-0360355 elementor-widget elementor-widget-text-editor\" data-id=\"0360355\" data-element_type=\"widget\" data-widget_type=\"text-editor.default\">\n\t\t\t\t<div class=\"elementor-widget-container\">\n\t\t\t\t\t\t\t\t\t<h2>Einf\u00fchrung<\/h2>\nExact Online-Benutzer, die externe Gesch\u00e4ftsanwendungen verkn\u00fcpfen m\u00f6chten, profitieren von einem strukturierten Ansatz. Dieser Prozess besteht aus vier Schritten: Analyse der externen Anwendung, Analyse der Exact Online-Einrichtung, Ausf\u00fchrung der Verkn\u00fcpfung und Implementierung. Eine gut geplante Integration verhindert Risiken und gew\u00e4hrleistet eine effiziente Zusammenarbeit zwischen verschiedenen Systemen.\n<h2>Schritt 1: Analyse der externen Anwendung<\/h2>\nIn einem ersten Schritt wird untersucht, ob eine API zur Verf\u00fcgung steht und ob es eine Dokumentation gibt, die einen Einblick in die M\u00f6glichkeiten der Anbindung gibt. Dar\u00fcber hinaus wird ermittelt, welche Daten f\u00fcr die Integration relevant sind und wie diese Daten in Exact Online strukturiert verarbeitet werden k\u00f6nnen. Exact Online verf\u00fcgt \u00fcber eine von Exact entwickelte API mit einer begrenzten Anzahl von Endpunkten. Um eine flexiblere und umfangreichere Verkn\u00fcpfung zu erm\u00f6glichen, kann die Clickker API genutzt werden. Diese bietet rund 400 Endpunkte und ist sowohl f\u00fcr Exact Online als auch f\u00fcr Exact Globe geeignet. Wenn eine externe Anwendung nicht \u00fcber eine API verf\u00fcgt, kann die Synchronisierung \u00fcber FTP, CSV oder XML eine Ausweichm\u00f6glichkeit darstellen. Dies kann jedoch bedeuten, dass eine Echtzeitsynchronisation nicht m\u00f6glich ist.\n<h2>Schritt 2: Analyse der genauen Online-Einrichtung<\/h2>\nExact Online wird von jeder Organisation individuell eingerichtet. Um sicherzustellen, dass die Integration problemlos funktioniert, analysieren wir die aktuelle Einrichtung und f\u00fchren eine Risikoanalyse durch. Dabei betrachten wir die Auswirkungen der Integration auf die bestehenden Arbeitsabl\u00e4ufe und die Datenverarbeitung. Als offiziell zertifizierter Exact-Partner verf\u00fcgt unsere Muttergesellschaft Sense Cloud \u00fcber das Fachwissen, um diese Analyse pr\u00e4zise durchzuf\u00fchren.\n<h2>Schritt 3: Umsetzung<\/h2>\nKunden, die \u00fcber das technische Know-how verf\u00fcgen und selbst die F\u00fchrung \u00fcbernehmen wollen, k\u00f6nnen auf unsere Unterst\u00fctzung bei der Umsetzung z\u00e4hlen. Wir helfen bei der Einrichtung der Verbindung und beraten zu den erforderlichen API-Endpunkten. So wird sichergestellt, dass die Integration reibungslos verl\u00e4uft und der Kunde die Kontrolle \u00fcber die Implementierung beh\u00e4lt.\n<h2>Schritt 4: Umsetzung<\/h2>\nF\u00fcr Kunden, die die Implementierung auslagern m\u00f6chten, k\u00fcmmern wir uns um den gesamten Prozess. Wir richten die Verbindung ein und pr\u00fcfen, ob fehlende API-Endpunkte noch eingerichtet werden k\u00f6nnen. Dies gew\u00e4hrleistet eine nahtlose Integration mit Exact Online und minimiert Unterbrechungen im Gesch\u00e4ftsbetrieb.\n<h2>Schlussfolgerung<\/h2>\n\nDie Verkn\u00fcpfung einer externen Anwendung mit Exact Online erfordert eine strukturierte Vorgehensweise. Mit den richtigen Analysen im Vorfeld und einer durchdachten Umsetzung sorgen wir f\u00fcr eine effiziente Zusammenarbeit der Systeme. Dar\u00fcber hinaus standardisieren wir neue Verbindungen sofort, halten die Kosten niedrig und reagieren schnell auf neue Kundenw\u00fcnsche.\t\t\t\t\t\t\t\t<\/div>\n\t\t\t\t<\/div>\n\t\t\t\t\t<\/div>\n\t\t\t\t<\/div>\n\t\t\t\t<\/div>","protected":false},"excerpt":{"rendered":"<p>M\u00f6chten Sie eine externe Anwendung mit Exact Online verbinden? Eine strukturierte Vorgehensweise verhindert Fehler und gew\u00e4hrleistet eine effiziente Zusammenarbeit. Dieser Prozess besteht aus vier Schritten: Analyse der externen Anwendung, Bewertung der Einrichtung von Exact Online, Durchf\u00fchrung der Verkn\u00fcpfung und Implementierung. Durch eine sorgf\u00e4ltige Analyse im Vorfeld und eine durchdachte Implementierung minimieren Sie Risiken und verbessern den Betrieb Ihrer Systeme. Mit den richtigen API-L\u00f6sungen, wie z.B. der Clickker API, k\u00f6nnen Sie flexibel und umfassend integrieren. Auf diese Weise schaffen Sie eine stabile und effiziente Verbindung zwischen Ihrer Unternehmenssoftware und Exact Online, ohne unn\u00f6tige Komplikationen.<\/p>","protected":false},"author":6,"featured_media":0,"parent":0,"menu_order":0,"comment_status":"closed","ping_status":"closed","template":"","meta":{"footnotes":""},"class_list":["post-13136","page","type-page","status-publish","hentry"],"_links":{"self":[{"href":"https:\/\/www.clickker.nl\/de\/wp-json\/wp\/v2\/pages\/13136","targetHints":{"allow":["GET"]}}],"collection":[{"href":"https:\/\/www.clickker.nl\/de\/wp-json\/wp\/v2\/pages"}],"about":[{"href":"https:\/\/www.clickker.nl\/de\/wp-json\/wp\/v2\/types\/page"}],"author":[{"embeddable":true,"href":"https:\/\/www.clickker.nl\/de\/wp-json\/wp\/v2\/users\/6"}],"replies":[{"embeddable":true,"href":"https:\/\/www.clickker.nl\/de\/wp-json\/wp\/v2\/comments?post=13136"}],"version-history":[{"count":5,"href":"https:\/\/www.clickker.nl\/de\/wp-json\/wp\/v2\/pages\/13136\/revisions"}],"predecessor-version":[{"id":13143,"href":"https:\/\/www.clickker.nl\/de\/wp-json\/wp\/v2\/pages\/13136\/revisions\/13143"}],"wp:attachment":[{"href":"https:\/\/www.clickker.nl\/de\/wp-json\/wp\/v2\/media?parent=13136"}],"curies":[{"name":"wp","href":"https:\/\/api.w.org\/{rel}","templated":true}]}}